{"id":904,"date":"2025-06-17T10:15:55","date_gmt":"2025-06-17T08:15:55","guid":{"rendered":"https:\/\/lezoherrieskola.eus\/?page_id=904"},"modified":"2025-06-17T10:21:24","modified_gmt":"2025-06-17T08:21:24","slug":"politica-de-privacidad","status":"publish","type":"page","link":"https:\/\/lezoherrieskola.eus\/es\/politica-de-privacidad\/","title":{"rendered":"Pol\u00edtica de privacidad"},"content":{"rendered":"\r\n<h2 class=\"wp-block-heading\"><strong>Protecci\u00f3n de datos de car\u00e1cter personal<\/strong><\/h2>\r\n<h2><strong>1. Introducci\u00f3n<\/strong><\/h2>\r\n<p>En cumplimiento con la Ley Org\u00e1nica 15\/1999, de 13 de diciembre, sobre Protecci\u00f3n de Datos de Car\u00e1cter Personal (en adelante \u201cLOPD\u201d) y su normativa de desarrollo, se informa a los usuarios que los datos de car\u00e1cter personal que faciliten mediante correo electr\u00f3nico, enviados a trav\u00e9s de formularios web, \u00e1reas privadas o por cualquier otro medio ubicado en este sitio web ser\u00e1n incorporados a ficheros titularidad de Lezo Herri Eskola (Responsable del Fichero), con la finalidad de atender a las consultas y solicitudes recibidas, contactar con usted, gestionar los servicios solicitados, las relaciones con los usuarios y las funciones leg\u00edtimas propias de su actividad.<\/p>\r\n<p>El tratamiento de sus datos personales se realizar\u00e1 de manera confidencial. Lezo Herri Eskola est\u00e1 comprometida con la privacidad y la protecci\u00f3n de los datos personales de los usuarios y utiliza todos los recursos a su alcance para garantizar la seguridad y privacidad de los interesados.<\/p>\r\n<p>Este sitio web ofrece enlaces a redes sociales y sitios y canales web externos, como Facebook y Twitter, entre otros. Lezo Herri Eskola no asume ninguna responsabilidad en relaci\u00f3n con estos sitios enlazados. El usuario que acceda a redes sociales y sitios y canales web externos, relacionados con Lezo Herri Eskola, desde los enlaces ubicados en este sitio web o de cualquier otra forma, queda previa y expresamente informado de que las condiciones de uso, pol\u00edticas de privacidad, pol\u00edticas de cookies y cualesquiera condiciones y\/o normativas dependen de las entidades responsables de dichas redes sociales y sitios y canales web.<\/p>\r\n<p>Lezo Herri Eskola recomienda a los usuarios que consulten los diferentes materiales que en relaci\u00f3n con la protecci\u00f3n de datos personales de ni\u00f1os y j\u00f3venes ha desarrollado la Agencia Vasca de Protecci\u00f3n de Datos. Esta informaci\u00f3n (manuales de uso de nuevas tecnolog\u00edas, videos educativos, etc.) se encuentra disponible en www.kontuzdatos.info<\/p>\r\n<h2><strong>2. Recogida de datos de car\u00e1cter personal<\/strong><\/h2>\r\n<p>Lezo Herri Eskola no requiere que proporcione datos de car\u00e1cter personal para acceder al sitio web, no obstante, existen formularios, cuyo uso requiere que el usuario facilite datos personales. El usuario aporta sus datos personales de forma libre y voluntaria. Lezo Herri Eskola no solicita m\u00e1s informaci\u00f3n personal que la que es necesaria para recibir el servicio solicitado.<\/p>\r\n<p>El usuario que incluya en este sitio web cualquier tipo de contenido (datos, textos, v\u00eddeos, sonido, fotograf\u00edas, gr\u00e1ficos, mensajes u otro material) declara y garantiza hacerlo de modo que se ajuste a las condiciones aqu\u00ed expresadas.<\/p>\r\n<p>El usuario que incluya datos personales de terceros declara que cuenta con el consentimiento informado previo y expreso de estos para la publicaci\u00f3n de los mismos.<\/p>\r\n<p>El usuario es el \u00fanico responsable de la veracidad y correcci\u00f3n de los datos incluidos, exoner\u00e1ndose Lezo Herri Eskola de cualquier responsabilidad al respecto. Los usuarios garantizan y responden, en cualquier caso, de la exactitud, vigencia y autenticidad de los datos personales facilitados, y se comprometen a mantenerlos debidamente actualizados.<\/p>\r\n<p>Lezo Herri Eskola no solicitar\u00e1 ning\u00fan tipo de dato personal a menores de edad. Todos los datos personales ser\u00e1n recabados por los padres o tutores legales de los mismos. Lezo Herri Eskola recomienda a los padres y tutores legales que gu\u00eden a sus hijos en la navegaci\u00f3n a trav\u00e9s de este sitio web. Solo un uso responsable del mismo permite una navegaci\u00f3n segura.<\/p>\r\n<p>El env\u00edo de informaci\u00f3n a trav\u00e9s de este sitio web conlleva necesariamente la autorizaci\u00f3n expresa para los tratamientos de datos descritos en esta pol\u00edtica de privacidad y en las condiciones generales del sitio web.<\/p>\r\n<h2><strong>3. Derechos de los interesados<\/strong><\/h2>\r\n<p>Puede ejercitar los derechos de acceso, rectificaci\u00f3n, cancelaci\u00f3n y oposici\u00f3n dirigi\u00e9ndose por escrito al Responsable del Fichero, Lezo Herri Eskola, en C\/ Euskal Herria Plaza, 1 \u2013 Lezo (Gipuzkoa), tel\u00e9fono 943514804 o bien a trav\u00e9s de la direcci\u00f3n de correo electr\u00f3nico info@lezoherrieskola.net La solicitud deber\u00e1 llevar adjunta copia de documento de acreditativo de la identidad del solicitante (DNI).<\/p>\r\n<p>En caso de realizar la solicitud en su condici\u00f3n de representante legal, deber\u00e1 adjuntar, adem\u00e1s de la fotocopia del Documento de Identidad, un documento acreditativo de tal representaci\u00f3n.<\/p>\r\n<h2><strong>4. Medidas de seguridad<\/strong><\/h2>\r\n<p>Lezo Herri Eskola tratar\u00e1 los datos de car\u00e1cter personal contenidos en sus ficheros adoptando las medidas de \u00edndole t\u00e9cnica y organizativa que sean necesarias para garantizar su seguridad y evitar su alteraci\u00f3n, p\u00e9rdida, tratamiento o acceso no autorizado, habida cuenta del estado de la tecnolog\u00eda, la naturaleza de los datos almacenados y los riesgos a que est\u00e1n expuestos, ya provengan de la acci\u00f3n humana o del medio f\u00edsico o natural, de acuerdo con la legislaci\u00f3n vigente que resulte de aplicaci\u00f3n en materia de medidas de seguridad de los ficheros que contengan datos de car\u00e1cter personal, particularmente por la LOPD y su normativa de desarrollo. Sin embargo, los usuarios son informados de que las medidas de seguridad inform\u00e1tica no son inexpugnables y no se est\u00e1 a salvo de posibles intromisiones ilegales e indebidas, que no ser\u00edan responsabilidad de Lezo Herri Eskola.<\/p>\r\n<h2><strong>5. Datos de Tr\u00e1fico<\/strong><\/h2>\r\n<p>Con la finalidad de ofrecer un mejor servicio a trav\u00e9s de este sitio web, se puede registrar la direcci\u00f3n IP del usuario, permiti\u00e9ndose as\u00ed el posterior procesamiento de los datos con el fin de analizar entre otros el n\u00famero de p\u00e1ginas visitadas, el n\u00famero de visitas, as\u00ed como la actividad de los visitantes\/usuarios del sitio web, y su frecuencia de utilizaci\u00f3n.<\/p>\r\n<p>El Usuario da su consentimiento previo e informado al registro de su IP durante la conexi\u00f3n y navegaci\u00f3n en el sitio web, sin que sea necesario solicitarlo cada vez que acceda a este sitio web.<\/p>\r\n<p>Con la finalidad ya mencionada, este sitio est\u00e1 siendo medido y analizado con Google Analytics y\/o herramientas similares, que pueden utilizar marcas en las p\u00e1ginas y cookies para analizar lo que sucede en las diferentes p\u00e1ginas del sitio web de Lezo Herri Eskola.<\/p>\r\n<h3><strong>6. Vigencia<\/strong><\/h3>\r\n<p>Lezo Herri Eskola se reserva el derecho de modificar su pol\u00edtica de privacidad de acuerdo a su criterio, a cambios legislativos o jurisprudenciales. Si Lezo Herri Eskola introdujera alguna modificaci\u00f3n, el nuevo texto ser\u00e1 publicado en este mismo sitio web, donde el usuario podr\u00e1 tener conocimiento de la misma. En cualquier caso, la relaci\u00f3n con los usuarios se regir\u00e1 por las normas previstas en el momento preciso en que se accede al sitio web. Es por ello que Lezo Herri Eskola le recomienda visitar esta pol\u00edtica de privacidad cada vez que se conecte al sitio web.<\/p>\r\n\r\n<p>&nbsp;<\/p>","protected":false},"excerpt":{"rendered":"<p>Protecci\u00f3n de datos de car\u00e1cter personal 1. Introducci\u00f3n En cumplimiento con la Ley Org\u00e1nica 15\/1999, de 13 de diciembre, sobre Protecci\u00f3n de Datos de Car\u00e1cter Personal (en adelante \u201cLOPD\u201d) y su normativa de desarrollo, se informa a los usuarios que los datos de car\u00e1cter personal que faciliten mediante correo electr\u00f3nico, enviados a trav\u00e9s de formularios [&hellip;]<\/p>\n","protected":false},"author":2,"featured_media":0,"parent":0,"menu_order":0,"comment_status":"closed","ping_status":"closed","template":"page-template-fullwidth.php","meta":{"_et_pb_use_builder":"","_et_pb_old_content":"","_et_gb_content_width":"","footnotes":""},"class_list":["post-904","page","type-page","status-publish","hentry"],"yoast_head":"<!-- This site is optimized with the Yoast SEO plugin v27.4 - https:\/\/yoast.com\/product\/yoast-seo-wordpress\/ -->\n<title>Pol\u00edtica de privacidad - Lezo Herri Eskola<\/title>\n<meta name=\"robots\" content=\"index, follow, max-snippet:-1, max-image-preview:large, max-video-preview:-1\" \/>\n<link rel=\"canonical\" href=\"https:\/\/lezoherrieskola.eus\/es\/politica-de-privacidad\/\" \/>\n<meta property=\"og:locale\" content=\"es_ES\" \/>\n<meta property=\"og:type\" content=\"article\" \/>\n<meta property=\"og:title\" content=\"Pol\u00edtica de privacidad - Lezo Herri Eskola\" \/>\n<meta property=\"og:description\" content=\"Protecci\u00f3n de datos de car\u00e1cter personal 1. Introducci\u00f3n En cumplimiento con la Ley Org\u00e1nica 15\/1999, de 13 de diciembre, sobre Protecci\u00f3n de Datos de Car\u00e1cter Personal (en adelante \u201cLOPD\u201d) y su normativa de desarrollo, se informa a los usuarios que los datos de car\u00e1cter personal que faciliten mediante correo electr\u00f3nico, enviados a trav\u00e9s de formularios [&hellip;]\" \/>\n<meta property=\"og:url\" content=\"https:\/\/lezoherrieskola.eus\/es\/politica-de-privacidad\/\" \/>\n<meta property=\"og:site_name\" content=\"Lezo Herri Eskola\" \/>\n<meta property=\"article:modified_time\" content=\"2025-06-17T08:21:24+00:00\" \/>\n<meta name=\"twitter:card\" content=\"summary_large_image\" \/>\n<meta name=\"twitter:label1\" content=\"Tiempo de lectura\" \/>\n\t<meta name=\"twitter:data1\" content=\"6 minutos\" \/>\n<script type=\"application\/ld+json\" class=\"yoast-schema-graph\">{\"@context\":\"https:\\\/\\\/schema.org\",\"@graph\":[{\"@type\":\"WebPage\",\"@id\":\"https:\\\/\\\/lezoherrieskola.eus\\\/es\\\/politica-de-privacidad\\\/\",\"url\":\"https:\\\/\\\/lezoherrieskola.eus\\\/es\\\/politica-de-privacidad\\\/\",\"name\":\"Pol\u00edtica de privacidad - Lezo Herri Eskola\",\"isPartOf\":{\"@id\":\"https:\\\/\\\/lezoherrieskola.eus\\\/es\\\/#website\"},\"datePublished\":\"2025-06-17T08:15:55+00:00\",\"dateModified\":\"2025-06-17T08:21:24+00:00\",\"breadcrumb\":{\"@id\":\"https:\\\/\\\/lezoherrieskola.eus\\\/es\\\/politica-de-privacidad\\\/#breadcrumb\"},\"inLanguage\":\"es\",\"potentialAction\":[{\"@type\":\"ReadAction\",\"target\":[\"https:\\\/\\\/lezoherrieskola.eus\\\/es\\\/politica-de-privacidad\\\/\"]}]},{\"@type\":\"BreadcrumbList\",\"@id\":\"https:\\\/\\\/lezoherrieskola.eus\\\/es\\\/politica-de-privacidad\\\/#breadcrumb\",\"itemListElement\":[{\"@type\":\"ListItem\",\"position\":1,\"name\":\"Home\",\"item\":\"https:\\\/\\\/lezoherrieskola.eus\\\/es\\\/\"},{\"@type\":\"ListItem\",\"position\":2,\"name\":\"Pol\u00edtica de privacidad\"}]},{\"@type\":\"WebSite\",\"@id\":\"https:\\\/\\\/lezoherrieskola.eus\\\/es\\\/#website\",\"url\":\"https:\\\/\\\/lezoherrieskola.eus\\\/es\\\/\",\"name\":\"Lezo Herri Eskola\",\"description\":\"Ikastetxe publikoa\",\"potentialAction\":[{\"@type\":\"SearchAction\",\"target\":{\"@type\":\"EntryPoint\",\"urlTemplate\":\"https:\\\/\\\/lezoherrieskola.eus\\\/es\\\/?s={search_term_string}\"},\"query-input\":{\"@type\":\"PropertyValueSpecification\",\"valueRequired\":true,\"valueName\":\"search_term_string\"}}],\"inLanguage\":\"es\"}]}<\/script>\n<!-- \/ Yoast SEO plugin. -->","yoast_head_json":{"title":"Pol\u00edtica de privacidad - Lezo Herri Eskola","robots":{"index":"index","follow":"follow","max-snippet":"max-snippet:-1","max-image-preview":"max-image-preview:large","max-video-preview":"max-video-preview:-1"},"canonical":"https:\/\/lezoherrieskola.eus\/es\/politica-de-privacidad\/","og_locale":"es_ES","og_type":"article","og_title":"Pol\u00edtica de privacidad - Lezo Herri Eskola","og_description":"Protecci\u00f3n de datos de car\u00e1cter personal 1. Introducci\u00f3n En cumplimiento con la Ley Org\u00e1nica 15\/1999, de 13 de diciembre, sobre Protecci\u00f3n de Datos de Car\u00e1cter Personal (en adelante \u201cLOPD\u201d) y su normativa de desarrollo, se informa a los usuarios que los datos de car\u00e1cter personal que faciliten mediante correo electr\u00f3nico, enviados a trav\u00e9s de formularios [&hellip;]","og_url":"https:\/\/lezoherrieskola.eus\/es\/politica-de-privacidad\/","og_site_name":"Lezo Herri Eskola","article_modified_time":"2025-06-17T08:21:24+00:00","twitter_card":"summary_large_image","twitter_misc":{"Tiempo de lectura":"6 minutos"},"schema":{"@context":"https:\/\/schema.org","@graph":[{"@type":"WebPage","@id":"https:\/\/lezoherrieskola.eus\/es\/politica-de-privacidad\/","url":"https:\/\/lezoherrieskola.eus\/es\/politica-de-privacidad\/","name":"Pol\u00edtica de privacidad - Lezo Herri Eskola","isPartOf":{"@id":"https:\/\/lezoherrieskola.eus\/es\/#website"},"datePublished":"2025-06-17T08:15:55+00:00","dateModified":"2025-06-17T08:21:24+00:00","breadcrumb":{"@id":"https:\/\/lezoherrieskola.eus\/es\/politica-de-privacidad\/#breadcrumb"},"inLanguage":"es","potentialAction":[{"@type":"ReadAction","target":["https:\/\/lezoherrieskola.eus\/es\/politica-de-privacidad\/"]}]},{"@type":"BreadcrumbList","@id":"https:\/\/lezoherrieskola.eus\/es\/politica-de-privacidad\/#breadcrumb","itemListElement":[{"@type":"ListItem","position":1,"name":"Home","item":"https:\/\/lezoherrieskola.eus\/es\/"},{"@type":"ListItem","position":2,"name":"Pol\u00edtica de privacidad"}]},{"@type":"WebSite","@id":"https:\/\/lezoherrieskola.eus\/es\/#website","url":"https:\/\/lezoherrieskola.eus\/es\/","name":"Lezo Herri Eskola","description":"Ikastetxe publikoa","potentialAction":[{"@type":"SearchAction","target":{"@type":"EntryPoint","urlTemplate":"https:\/\/lezoherrieskola.eus\/es\/?s={search_term_string}"},"query-input":{"@type":"PropertyValueSpecification","valueRequired":true,"valueName":"search_term_string"}}],"inLanguage":"es"}]}},"_links":{"self":[{"href":"https:\/\/lezoherrieskola.eus\/es\/wp-json\/wp\/v2\/pages\/904","targetHints":{"allow":["GET"]}}],"collection":[{"href":"https:\/\/lezoherrieskola.eus\/es\/wp-json\/wp\/v2\/pages"}],"about":[{"href":"https:\/\/lezoherrieskola.eus\/es\/wp-json\/wp\/v2\/types\/page"}],"author":[{"embeddable":true,"href":"https:\/\/lezoherrieskola.eus\/es\/wp-json\/wp\/v2\/users\/2"}],"replies":[{"embeddable":true,"href":"https:\/\/lezoherrieskola.eus\/es\/wp-json\/wp\/v2\/comments?post=904"}],"version-history":[{"count":6,"href":"https:\/\/lezoherrieskola.eus\/es\/wp-json\/wp\/v2\/pages\/904\/revisions"}],"predecessor-version":[{"id":913,"href":"https:\/\/lezoherrieskola.eus\/es\/wp-json\/wp\/v2\/pages\/904\/revisions\/913"}],"wp:attachment":[{"href":"https:\/\/lezoherrieskola.eus\/es\/wp-json\/wp\/v2\/media?parent=904"}],"curies":[{"name":"wp","href":"https:\/\/api.w.org\/{rel}","templated":true}]}}