{"id":895,"date":"2025-06-17T09:43:58","date_gmt":"2025-06-17T07:43:58","guid":{"rendered":"https:\/\/lezoherrieskola.eus\/?page_id=895"},"modified":"2025-06-17T10:20:40","modified_gmt":"2025-06-17T08:20:40","slug":"aviso-legal","status":"publish","type":"page","link":"https:\/\/lezoherrieskola.eus\/es\/aviso-legal\/","title":{"rendered":"Aviso legal"},"content":{"rendered":"\r\n<p>En cumplimiento de la Ley 34\/2002, de 11 de julio, de Servicios de la Sociedad de la Informaci\u00f3n y de Comercio Electr\u00f3nico, le informamos que el dominio de internet\u00a0<a href=\"https:\/\/www.lezoherrieskola.eus\/\" target=\"_blank\" rel=\"noopener noreferrer\">www.lezoherrieskola.eus<\/a>\u00a0es titularidad de Lezo Herri Eskola (<span data-sheets-value=\"[null,2,&quot;S4833001C&quot;]\" data-sheets-userformat=\"[null,null,513,[null,0],null,null,null,null,null,null,null,null,0]\">S4833001C<\/span>), con domicilio en C\/ Euskal Herria Plaza, 1 \u2013 Lezo (Gipuzkoa), tel\u00e9fono\u00a0<a href=\"tel:943514804\" target=\"_blank\" rel=\"noopener noreferrer\">943514804<\/a>, correo electr\u00f3nico\u00a0<a href=\"mailto:info@lezoherrieskola.net\" target=\"_blank\" rel=\"noopener noreferrer\">info@lezoherrieskola.net<\/a>. \u00a0<\/p>\r\n<h2 class=\"wp-block-heading\"><strong>1. Condiciones Generales<\/strong><\/h2>\r\n<p><a href=\"https:\/\/www.lezoherrieskola.eus\/\" target=\"_blank\" rel=\"noopener noreferrer\">www.lezoherrieskola.eus<\/a>\u00a0(en adelante \u201cel sitio web\u201d) es un sitio web titularidad de Lezo Herri Eskola. El usuario accede a este sitio web de forma voluntaria. El acceso a este sitio web tiene car\u00e1cter gratuito. La navegaci\u00f3n en este sitio web implica aceptar y conocer las advertencias legales, condiciones y t\u00e9rminos de uso y pol\u00edtica de privacidad contenidos en \u00e9l. Si el usuario no est\u00e1 de acuerdo con estas condiciones de uso y no presta su consentimiento, no podr\u00e1 hacer uso de este sitio web.<\/p>\r\n<p>El acceso a este sitio web, as\u00ed como el uso que pueda hacerse de la informaci\u00f3n que contiene, son de la exclusiva responsabilidad del usuario. El usuario se compromete a hacer uso del mismo de acuerdo a la finalidad del sitio web.<\/p>\r\n<p>El usuario no puede hacer un uso il\u00edcito de la informaci\u00f3n contenida en este sitio web, ni llevar a cabo acciones que puedan da\u00f1ar o alterar los sistemas inform\u00e1ticos de este sitio web.<\/p>\r\n<p>Queda prohibida la inclusi\u00f3n y comunicaci\u00f3n de contenidos, por parte de los usuarios, que sean falsos o inexactos y que induzcan o puedan inducir a error a Lezo Herri Eskola o a otros usuarios o terceros. El usuario ser\u00e1 el \u00fanico responsable de los perjuicios que cause mediante la comunicaci\u00f3n de dichos datos.<\/p>\r\n<p>Queda prohibido el uso de datos personales de terceros sin su consentimiento, as\u00ed como el uso de datos identificativos de terceros con el \u00e1nimo de hacerse pasar por o fingir ser cualquier otra persona o entidad. Lezo Herri Eskola realiza los m\u00e1ximos esfuerzos para evitar errores en los contenidos que se publican en el sitio web, reserv\u00e1ndose la facultad de poder modificarlos en cualquier momento.<\/p>\r\n<p>Lezo Herri Eskola declina expresamente cualquier responsabilidad por error u omisi\u00f3n en los contenidos de este sitio web y de los da\u00f1os y perjuicios que puedan deberse a la falta de veracidad, exactitud y actualidad de los mismos.<\/p>\r\n<p><a href=\"https:\/\/www.lezoherrieskola.eus\/\" target=\"_blank\" rel=\"noopener noreferrer\">www.lezoherrieskola.eus<\/a>\u00a0puede contener la opini\u00f3n y puntos de vista de otros usuarios. Teniendo en cuenta la naturaleza interactiva del sitio, Lezo Herri Eskola no se hace responsable del incumplimiento de las normas por parte de los usuarios, de modo que no puede garantizar la certeza, eficacia o veracidad de cualquier contenido generado por los usuarios. El sitio web puede ofrecer enlaces a otros sitios web o facilitar su acceso mediante un buscador ubicado en su sitio web.<\/p>\r\n<p>Lezo Herri Eskola no asume ninguna responsabilidad en relaci\u00f3n con estos sitios enlazados, ni los resultados de las b\u00fasquedas, ya que no tiene ning\u00fan tipo de control sobre ellos, su contenido, productos y servicios ofrecidos, etc. La finalidad de estos servicios es informar al usuario de otras fuentes de informaci\u00f3n, por lo que el usuario accede bajo su exclusiva responsabilidad al contenido y en las condiciones de uso que rijan en los mismos.<\/p>\r\n<p>Lezo Herri Eskola no se responsabilizar\u00e1 de ninguna consecuencia, da\u00f1o o perjuicio que pudieran derivarse del uso de este sitio web o de sus contenidos, incluidos da\u00f1os inform\u00e1ticos y la introducci\u00f3n de virus o cualquier tipo de malware. Lezo Herri Eskola no garantiza la ausencia de virus ni de otros elementos en el sitio web, introducidos por terceros ajenos, que puedan producir alteraciones en los sistemas f\u00edsicos o l\u00f3gicos de los usuarios, pero utiliza todos los medios a su alcance para que esto no suceda.<\/p>\r\n<p>Lezo Herri Eskola se reserva el derecho de modificar o borrar en cualquier momento, sin previo aviso y\/o justificaci\u00f3n, el dise\u00f1o, la configuraci\u00f3n y la informaci\u00f3n contenida en este sitio web, si as\u00ed lo estima oportuno. Lezo Herri Eskola no se hace responsable de los perjuicios que estas modificaciones puedan causar. No obstante utilizar\u00e1 los recursos que tenga a su alcance para informar a los usuarios de dichas modificaciones. \u00a0<\/p>\r\n<h2><strong>2. Noticias de la web<\/strong><\/h2>\r\n<p><span id=\"tgt_sent_0\"><span class=\"interactive\">Esta<\/span>\u00a0<span class=\"interactive\">web<\/span>\u00a0<span class=\"interactive\">contiene<\/span>\u00a0<span class=\"interactive\">un<\/span>\u00a0<span class=\"interactive\">apartado<\/span>\u00a0<span class=\"interactive\">dedicado<\/span>\u00a0<span class=\"interactive\">a<\/span>\u00a0<span class=\"interactive\">Noticias.<\/span><\/span>\u00a0<span id=\"tgt_sent_1\"><span class=\"interactive\">En<\/span>\u00a0<span class=\"interactive\">esta<\/span>\u00a0<span class=\"interactive\">ocasi\u00f3n,<\/span>\u00a0<span class=\"interactive\">los<\/span>\u00a0<span class=\"interactive\">responsables<\/span>\u00a0<span class=\"interactive\">del<\/span>\u00a0<span class=\"interactive\">centro<\/span>\u00a0<span class=\"interactive\">y<\/span>\u00a0<span class=\"interactive\">otros<\/span>\u00a0<span class=\"interactive\">usuarios<\/span>\u00a0<span class=\"interactive\">invitados<\/span>\u00a0<span class=\"interactive\">podr\u00e1n<\/span>\u00a0<span class=\"interactive\">comentar<\/span>\u00a0<span class=\"interactive\">la<\/span>\u00a0<span class=\"interactive\">informaci\u00f3n<\/span>\u00a0<span class=\"interactive\">general<\/span>\u00a0<span class=\"interactive\">o<\/span>\u00a0<span class=\"interactive\">sectorial<\/span>\u00a0<span class=\"interactive\">que<\/span>\u00a0<span class=\"interactive\">pueda<\/span>\u00a0<span class=\"interactive\">resultar<\/span>\u00a0<span class=\"interactive\">de<\/span>\u00a0<span class=\"interactive\">inter\u00e9s<\/span>\u00a0<span class=\"interactive\">para<\/span>\u00a0<span class=\"interactive\">los<\/span>\u00a0<span class=\"interactive\">usuarios.<\/span><\/span>\u00a0<span id=\"tgt_sent_2\"><span class=\"interactive\">Las<\/span>\u00a0<span class=\"interactive\">noticias<\/span>\u00a0<span class=\"interactive\">de<\/span>\u00a0<span class=\"interactive\">la<\/span>\u00a0<span class=\"interactive\">web<\/span>\u00a0<span class=\"interactive\">son<\/span>\u00a0<span class=\"interactive\">para<\/span>\u00a0<span class=\"interactive\">compartir<\/span>\u00a0<span class=\"interactive\">informaci\u00f3n<\/span>\u00a0<span class=\"interactive\">y<\/span>\u00a0<span class=\"interactive\">no<\/span>\u00a0<span class=\"interactive\">se<\/span>\u00a0<span class=\"interactive\">pueden<\/span>\u00a0<span class=\"interactive\">entender<\/span>\u00a0<span class=\"interactive\">como<\/span>\u00a0<span class=\"interactive\">un<\/span>\u00a0<span class=\"interactive\">consejo<\/span>\u00a0<span class=\"interactive\">personalizado.<\/span><\/span>\u00a0<span id=\"tgt_sent_3\"><span class=\"interactive\">Para<\/span>\u00a0<span class=\"interactive\">conseguir<\/span>\u00a0<span class=\"interactive\">un<\/span>\u00a0<span class=\"interactive\">consejo<\/span>\u00a0<span class=\"interactive\">personalizado<\/span>\u00a0<span class=\"interactive\">y<\/span>\u00a0<span class=\"interactive\">adaptado<\/span>\u00a0<span class=\"interactive\">a<\/span>\u00a0<span class=\"interactive\">la<\/span>\u00a0<span class=\"interactive\">situaci\u00f3n<\/span>\u00a0<span class=\"interactive\">de<\/span>\u00a0<span class=\"interactive\">cada<\/span>\u00a0<span class=\"interactive\">usuario,<\/span>\u00a0<span class=\"interactive\">el<\/span>\u00a0<span class=\"interactive\">centro<\/span>\u00a0<span class=\"interactive\">recomienda<\/span>\u00a0<span class=\"interactive\">acudir<\/span>\u00a0<span class=\"interactive\">a<\/span>\u00a0<span class=\"interactive\">un<\/span>\u00a0<span class=\"interactive\">profesional.<\/span><\/span><\/p>\r\n<p>Asimismo, puesto que en los blogs se admiten comentarios, Lezo Herri Eskola no se responsabiliza de las opiniones vertidas por los mismos, y se reserva los derechos de borrar los comentarios ofensivos o denigrantes y bloquear e impedir los futuros comentarios provenientes de los autores de dichos comentarios. \u00a0<\/p>\r\n<h2><strong>3. Propiedad intelectual e industrial<\/strong><\/h2>\r\n<p>Los derechos de propiedad de este sitio web, de sus p\u00e1ginas, pantallas, la informaci\u00f3n que contienen, su apariencia y dise\u00f1o, fotograf\u00edas, im\u00e1genes, sus productos y servicios, marcas, logos, lemas, etc. son propiedad de Lezo Herri Eskola, salvo que se especifique otra cosa.<\/p>\r\n<p>En ning\u00fan caso el acceso o navegaci\u00f3n en el sitio web implica renuncia, transmisi\u00f3n o licencia total o parcial de Lezo Herri Eskola para uso personal al usuario sobre sus derechos de propiedad intelectual e industrial.<\/p>\r\n<p>La reproducci\u00f3n, distribuci\u00f3n, comercializaci\u00f3n o transformaci\u00f3n no autorizadas de estas obras constituye una infracci\u00f3n de los derechos de propiedad intelectual de Lezo Herri Eskola.<\/p>\r\n<p>El usuario se compromete a no realizar ninguna acci\u00f3n que perjudique la titularidad de este sitio web. La utilizaci\u00f3n no autorizada de la informaci\u00f3n contenida en este sitio web, as\u00ed como los perjuicios ocasionados en los derechos de propiedad intelectual e industrial de sus titulares, pueden dar lugar al ejercicio de las acciones que legalmente correspondan y, si procede, a las responsabilidades que de dicho ejercicio se deriven. \u00a0<\/p>\r\n<h2><strong>4. Modificaciones<\/strong><\/h2>\r\n<p>Estas Condiciones podr\u00e1n sufrir modificaciones cuando Lezo Herri Eskola lo considere oportuno, bien con la finalidad de adecuarse a los cambios legislativos, bien con el fin de llevar a cabo otro tipo de mejoras. Estas modificaciones ser\u00e1n v\u00e1lidas desde su publicaci\u00f3n en este sitio web. Lezo Herri Eskola utilizar\u00e1 los medios a su alcance para dar a conocer a los usuarios del sitio web los cambios realizados. \u00a0<\/p>\r\n<h2><strong>5. Jurisdicci\u00f3n<\/strong><\/h2>\r\n<p>Las relaciones establecidas entre Lezo Herri Eskola y el usuario se regir\u00e1n por lo dispuesto en la normativa vigente acerca de la legislaci\u00f3n aplicable y la jurisdicci\u00f3n competente. No obstante, para los casos en los que la normativa prevea la posibilidad a las partes de someterse a un fuero, Lezo Herri Eskola y el usuario, con renuncia expresa a cualquier otro fuero que pudiera corresponderles, se someten a los Juzgados y Tribunales de Donostia \u2013 San Sebasti\u00e1n.<\/p>\r\n<p>Lezo Herri Eskola perseguir\u00e1 el incumplimiento de las anteriores condiciones as\u00ed como cualquier utilizaci\u00f3n indebida de los contenidos presentados en su sitio web ejerciendo todas las acciones civiles y penales que le puedan corresponder en derecho.<\/p>","protected":false},"excerpt":{"rendered":"<p>En cumplimiento de la Ley 34\/2002, de 11 de julio, de Servicios de la Sociedad de la Informaci\u00f3n y de Comercio Electr\u00f3nico, le informamos que el dominio de internet\u00a0www.lezoherrieskola.eus\u00a0es titularidad de Lezo Herri Eskola (S4833001C), con domicilio en C\/ Euskal Herria Plaza, 1 \u2013 Lezo (Gipuzkoa), tel\u00e9fono\u00a0943514804, correo electr\u00f3nico\u00a0info@lezoherrieskola.net. \u00a0 1. Condiciones Generales www.lezoherrieskola.eus\u00a0(en adelante [&hellip;]<\/p>\n","protected":false},"author":2,"featured_media":0,"parent":0,"menu_order":0,"comment_status":"closed","ping_status":"closed","template":"page-template-fullwidth.php","meta":{"_et_pb_use_builder":"","_et_pb_old_content":"","_et_gb_content_width":"","footnotes":""},"class_list":["post-895","page","type-page","status-publish","hentry"],"yoast_head":"<!-- This site is optimized with the Yoast SEO plugin v27.4 - https:\/\/yoast.com\/product\/yoast-seo-wordpress\/ -->\n<title>Aviso legal - Lezo Herri Eskola<\/title>\n<meta name=\"robots\" content=\"index, follow, max-snippet:-1, max-image-preview:large, max-video-preview:-1\" \/>\n<link rel=\"canonical\" href=\"https:\/\/lezoherrieskola.eus\/es\/aviso-legal\/\" \/>\n<meta property=\"og:locale\" content=\"es_ES\" \/>\n<meta property=\"og:type\" content=\"article\" \/>\n<meta property=\"og:title\" content=\"Aviso legal - Lezo Herri Eskola\" \/>\n<meta property=\"og:description\" content=\"En cumplimiento de la Ley 34\/2002, de 11 de julio, de Servicios de la Sociedad de la Informaci\u00f3n y de Comercio Electr\u00f3nico, le informamos que el dominio de internet\u00a0www.lezoherrieskola.eus\u00a0es titularidad de Lezo Herri Eskola (S4833001C), con domicilio en C\/ Euskal Herria Plaza, 1 \u2013 Lezo (Gipuzkoa), tel\u00e9fono\u00a0943514804, correo electr\u00f3nico\u00a0info@lezoherrieskola.net. \u00a0 1. Condiciones Generales www.lezoherrieskola.eus\u00a0(en adelante [&hellip;]\" \/>\n<meta property=\"og:url\" content=\"https:\/\/lezoherrieskola.eus\/es\/aviso-legal\/\" \/>\n<meta property=\"og:site_name\" content=\"Lezo Herri Eskola\" \/>\n<meta property=\"article:modified_time\" content=\"2025-06-17T08:20:40+00:00\" \/>\n<meta name=\"twitter:card\" content=\"summary_large_image\" \/>\n<meta name=\"twitter:label1\" content=\"Tiempo de lectura\" \/>\n\t<meta name=\"twitter:data1\" content=\"7 minutos\" \/>\n<script type=\"application\/ld+json\" class=\"yoast-schema-graph\">{\"@context\":\"https:\\\/\\\/schema.org\",\"@graph\":[{\"@type\":\"WebPage\",\"@id\":\"https:\\\/\\\/lezoherrieskola.eus\\\/es\\\/aviso-legal\\\/\",\"url\":\"https:\\\/\\\/lezoherrieskola.eus\\\/es\\\/aviso-legal\\\/\",\"name\":\"Aviso legal - Lezo Herri Eskola\",\"isPartOf\":{\"@id\":\"https:\\\/\\\/lezoherrieskola.eus\\\/es\\\/#website\"},\"datePublished\":\"2025-06-17T07:43:58+00:00\",\"dateModified\":\"2025-06-17T08:20:40+00:00\",\"breadcrumb\":{\"@id\":\"https:\\\/\\\/lezoherrieskola.eus\\\/es\\\/aviso-legal\\\/#breadcrumb\"},\"inLanguage\":\"es\",\"potentialAction\":[{\"@type\":\"ReadAction\",\"target\":[\"https:\\\/\\\/lezoherrieskola.eus\\\/es\\\/aviso-legal\\\/\"]}]},{\"@type\":\"BreadcrumbList\",\"@id\":\"https:\\\/\\\/lezoherrieskola.eus\\\/es\\\/aviso-legal\\\/#breadcrumb\",\"itemListElement\":[{\"@type\":\"ListItem\",\"position\":1,\"name\":\"Home\",\"item\":\"https:\\\/\\\/lezoherrieskola.eus\\\/es\\\/\"},{\"@type\":\"ListItem\",\"position\":2,\"name\":\"Aviso legal\"}]},{\"@type\":\"WebSite\",\"@id\":\"https:\\\/\\\/lezoherrieskola.eus\\\/es\\\/#website\",\"url\":\"https:\\\/\\\/lezoherrieskola.eus\\\/es\\\/\",\"name\":\"Lezo Herri Eskola\",\"description\":\"Ikastetxe publikoa\",\"potentialAction\":[{\"@type\":\"SearchAction\",\"target\":{\"@type\":\"EntryPoint\",\"urlTemplate\":\"https:\\\/\\\/lezoherrieskola.eus\\\/es\\\/?s={search_term_string}\"},\"query-input\":{\"@type\":\"PropertyValueSpecification\",\"valueRequired\":true,\"valueName\":\"search_term_string\"}}],\"inLanguage\":\"es\"}]}<\/script>\n<!-- \/ Yoast SEO plugin. -->","yoast_head_json":{"title":"Aviso legal - Lezo Herri Eskola","robots":{"index":"index","follow":"follow","max-snippet":"max-snippet:-1","max-image-preview":"max-image-preview:large","max-video-preview":"max-video-preview:-1"},"canonical":"https:\/\/lezoherrieskola.eus\/es\/aviso-legal\/","og_locale":"es_ES","og_type":"article","og_title":"Aviso legal - Lezo Herri Eskola","og_description":"En cumplimiento de la Ley 34\/2002, de 11 de julio, de Servicios de la Sociedad de la Informaci\u00f3n y de Comercio Electr\u00f3nico, le informamos que el dominio de internet\u00a0www.lezoherrieskola.eus\u00a0es titularidad de Lezo Herri Eskola (S4833001C), con domicilio en C\/ Euskal Herria Plaza, 1 \u2013 Lezo (Gipuzkoa), tel\u00e9fono\u00a0943514804, correo electr\u00f3nico\u00a0info@lezoherrieskola.net. \u00a0 1. Condiciones Generales www.lezoherrieskola.eus\u00a0(en adelante [&hellip;]","og_url":"https:\/\/lezoherrieskola.eus\/es\/aviso-legal\/","og_site_name":"Lezo Herri Eskola","article_modified_time":"2025-06-17T08:20:40+00:00","twitter_card":"summary_large_image","twitter_misc":{"Tiempo de lectura":"7 minutos"},"schema":{"@context":"https:\/\/schema.org","@graph":[{"@type":"WebPage","@id":"https:\/\/lezoherrieskola.eus\/es\/aviso-legal\/","url":"https:\/\/lezoherrieskola.eus\/es\/aviso-legal\/","name":"Aviso legal - Lezo Herri Eskola","isPartOf":{"@id":"https:\/\/lezoherrieskola.eus\/es\/#website"},"datePublished":"2025-06-17T07:43:58+00:00","dateModified":"2025-06-17T08:20:40+00:00","breadcrumb":{"@id":"https:\/\/lezoherrieskola.eus\/es\/aviso-legal\/#breadcrumb"},"inLanguage":"es","potentialAction":[{"@type":"ReadAction","target":["https:\/\/lezoherrieskola.eus\/es\/aviso-legal\/"]}]},{"@type":"BreadcrumbList","@id":"https:\/\/lezoherrieskola.eus\/es\/aviso-legal\/#breadcrumb","itemListElement":[{"@type":"ListItem","position":1,"name":"Home","item":"https:\/\/lezoherrieskola.eus\/es\/"},{"@type":"ListItem","position":2,"name":"Aviso legal"}]},{"@type":"WebSite","@id":"https:\/\/lezoherrieskola.eus\/es\/#website","url":"https:\/\/lezoherrieskola.eus\/es\/","name":"Lezo Herri Eskola","description":"Ikastetxe publikoa","potentialAction":[{"@type":"SearchAction","target":{"@type":"EntryPoint","urlTemplate":"https:\/\/lezoherrieskola.eus\/es\/?s={search_term_string}"},"query-input":{"@type":"PropertyValueSpecification","valueRequired":true,"valueName":"search_term_string"}}],"inLanguage":"es"}]}},"_links":{"self":[{"href":"https:\/\/lezoherrieskola.eus\/es\/wp-json\/wp\/v2\/pages\/895","targetHints":{"allow":["GET"]}}],"collection":[{"href":"https:\/\/lezoherrieskola.eus\/es\/wp-json\/wp\/v2\/pages"}],"about":[{"href":"https:\/\/lezoherrieskola.eus\/es\/wp-json\/wp\/v2\/types\/page"}],"author":[{"embeddable":true,"href":"https:\/\/lezoherrieskola.eus\/es\/wp-json\/wp\/v2\/users\/2"}],"replies":[{"embeddable":true,"href":"https:\/\/lezoherrieskola.eus\/es\/wp-json\/wp\/v2\/comments?post=895"}],"version-history":[{"count":7,"href":"https:\/\/lezoherrieskola.eus\/es\/wp-json\/wp\/v2\/pages\/895\/revisions"}],"predecessor-version":[{"id":912,"href":"https:\/\/lezoherrieskola.eus\/es\/wp-json\/wp\/v2\/pages\/895\/revisions\/912"}],"wp:attachment":[{"href":"https:\/\/lezoherrieskola.eus\/es\/wp-json\/wp\/v2\/media?parent=895"}],"curies":[{"name":"wp","href":"https:\/\/api.w.org\/{rel}","templated":true}]}}