{"id":1123,"date":"2025-06-17T13:15:16","date_gmt":"2025-06-17T11:15:16","guid":{"rendered":"https:\/\/lezoherrieskola.eus\/?page_id=1123"},"modified":"2025-06-17T17:44:02","modified_gmt":"2025-06-17T15:44:02","slug":"comedor","status":"publish","type":"page","link":"https:\/\/lezoherrieskola.eus\/es\/servicios\/comedor\/","title":{"rendered":"Comedor"},"content":{"rendered":"<p>[et_pb_section fb_built=\u00bb1&#8243; _builder_version=\u00bb4.27.4&#8243; _module_preset=\u00bbdefault\u00bb global_colors_info=\u00bb{}\u00bb][et_pb_row column_structure=\u00bb1_2,1_2&#8243; _builder_version=\u00bb4.27.4&#8243; _module_preset=\u00bbdefault\u00bb background_color=\u00bbRGBA(255,255,255,0)\u00bb custom_margin=\u00bb||0px||false|false\u00bb custom_padding=\u00bb10px|10px|0px|10px|false|true\u00bb global_colors_info=\u00bb{}\u00bb][et_pb_column type=\u00bb1_2&#8243; _builder_version=\u00bb4.27.4&#8243; _module_preset=\u00bbdefault\u00bb global_colors_info=\u00bb{}\u00bb][et_pb_divider show_divider=\u00bboff\u00bb _builder_version=\u00bb4.27.4&#8243; _module_preset=\u00bbdefault\u00bb global_colors_info=\u00bb{}\u00bb][\/et_pb_divider][et_pb_text _builder_version=\u00bb4.27.4&#8243; _module_preset=\u00bbdefault\u00bb custom_padding=\u00bb||||true|true\u00bb hover_enabled=\u00bb0&#8243; global_colors_info=\u00bb{}\u00bb sticky_enabled=\u00bb0&#8243;]<\/p>\n<p>La escuela dispone de cocina y es all\u00ed donde se prepara la comida. <\/p>\n<p>La empresa AUSOLAN, designada por el Departamento de Educaci\u00f3n, dise\u00f1a los men\u00fas y gestiona los alimentos.<\/p>\n<p>Se ofrecen diferentes tipos de men\u00fas:<\/p>\n<ol>\n<li>Men\u00fa B\u00e1sico<\/li>\n<li>Men\u00fa sin cerdo<\/li>\n<li>Men\u00fa de hortalizas l\u00e1cteas de huevo <\/li>\n<li>Men\u00fa de hortalizas y pescados l\u00e1cteos de huevo<\/li>\n<li>Dietas para necesidades nutricionales especiales: dietas para patolog\u00edas con intolerancia, alergia o tratamiento espec\u00edfico con dieta.<\/li>\n<\/ol>\n<p>Los men\u00fas est\u00e1n disponibles en la p\u00e1gina web. Se renuevan mensualmente.<\/p>\n<p>Cuotas: Las cuotas son las establecidas por el Departamento de Educaci\u00f3n.<\/p>\n<p>[\/et_pb_text][\/et_pb_column][et_pb_column type=\u00bb1_2&#8243; _builder_version=\u00bb4.27.4&#8243; _module_preset=\u00bbdefault\u00bb global_colors_info=\u00bb{}\u00bb][et_pb_image src=\u00bbhttps:\/\/lezoherrieskola.eus\/wp-content\/uploads\/2025\/05\/jangela.png\u00bb alt=\u00bbLezo Herri Eskola jangela\u00bb title_text=\u00bbLezo Herri Eskola jangela\u00bb _builder_version=\u00bb4.27.4&#8243; _module_preset=\u00bbdefault\u00bb custom_margin=\u00bb||0px||false|false\u00bb custom_padding=\u00bb||0px||false|false\u00bb global_colors_info=\u00bb{}\u00bb][\/et_pb_image][\/et_pb_column][\/et_pb_row][et_pb_row column_structure=\u00bb1_5,1_5,1_5,1_5,1_5&#8243; _builder_version=\u00bb4.27.4&#8243; _module_preset=\u00bbdefault\u00bb module_alignment=\u00bbcenter\u00bb custom_margin=\u00bb0px||||false|false\u00bb custom_padding=\u00bb0px||||false|false\u00bb global_colors_info=\u00bb{}\u00bb][et_pb_column type=\u00bb1_5&#8243; _builder_version=\u00bb4.27.4&#8243; _module_preset=\u00bbdefault\u00bb global_colors_info=\u00bb{}\u00bb][\/et_pb_column][et_pb_column type=\u00bb1_5&#8243; _builder_version=\u00bb4.27.4&#8243; _module_preset=\u00bbdefault\u00bb global_colors_info=\u00bb{}\u00bb][\/et_pb_column][et_pb_column type=\u00bb1_5&#8243; _builder_version=\u00bb4.27.4&#8243; _module_preset=\u00bbdefault\u00bb custom_padding=\u00bb|20px||20px|true|true\u00bb global_colors_info=\u00bb{}\u00bb][\/et_pb_column][et_pb_column type=\u00bb1_5&#8243; _builder_version=\u00bb4.27.4&#8243; _module_preset=\u00bbdefault\u00bb custom_padding=\u00bb|20px||20px|true|true\u00bb global_colors_info=\u00bb{}\u00bb][\/et_pb_column][et_pb_column type=\u00bb1_5&#8243; _builder_version=\u00bb4.27.4&#8243; _module_preset=\u00bbdefault\u00bb custom_padding=\u00bb|20px||20px|true|true\u00bb global_colors_info=\u00bb{}\u00bb][et_pb_image src=\u00bbhttps:\/\/lezoherrieskola.eus\/wp-content\/uploads\/2025\/05\/ausolan_logoa.png\u00bb alt=\u00bbausolan_logoa\u00bb title_text=\u00bbausolan_logoa\u00bb _builder_version=\u00bb4.27.4&#8243; _module_preset=\u00bbdefault\u00bb global_colors_info=\u00bb{}\u00bb][\/et_pb_image][\/et_pb_column][\/et_pb_row][\/et_pb_section]<\/p>\n","protected":false},"excerpt":{"rendered":"<p>La escuela dispone de cocina y es all\u00ed donde se prepara la comida. La empresa AUSOLAN, designada por el Departamento de Educaci\u00f3n, dise\u00f1a los men\u00fas y gestiona los alimentos. Se ofrecen diferentes tipos de men\u00fas: Men\u00fa B\u00e1sico Men\u00fa sin cerdo Men\u00fa de hortalizas l\u00e1cteas de huevo Men\u00fa de hortalizas y pescados l\u00e1cteos de huevo Dietas [&hellip;]<\/p>\n","protected":false},"author":2,"featured_media":0,"parent":1099,"menu_order":0,"comment_status":"closed","ping_status":"closed","template":"","meta":{"_et_pb_use_builder":"on","_et_pb_old_content":"<p>[et_pb_section fb_built=\"1\" _builder_version=\"4.27.4\" _module_preset=\"default\" global_colors_info=\"{}\"][et_pb_row column_structure=\"1_2,1_2\" _builder_version=\"4.27.4\" _module_preset=\"default\" background_color=\"RGBA(255,255,255,0)\" custom_margin=\"||0px||false|false\" custom_padding=\"10px|10px|0px|10px|false|true\" hover_enabled=\"0\" global_colors_info=\"{}\" sticky_enabled=\"0\"][et_pb_column type=\"1_2\" _builder_version=\"4.27.4\" _module_preset=\"default\" global_colors_info=\"{}\"][et_pb_divider show_divider=\"off\" _builder_version=\"4.27.4\" _module_preset=\"default\" global_colors_info=\"{}\"][\/et_pb_divider][et_pb_text _builder_version=\"4.27.4\" _module_preset=\"default\" custom_padding=\"||||true|true\" global_colors_info=\"{}\"]<\/p><p>Eskolan sukaldea dugu eta bertan bazkaria prestatzen da.<\/p><p>Hezkuntza Sailak izendatutako AUSOLAN enpresak menuak diseinatu eta elikagaiak kudeatzen ditu.<\/p><p>Menu mota ezberdinak eskaintzen dira:<\/p><ol><li>Oinarrizko menua<\/li><li>Txerrikirik gabeko menua<\/li><li>Arrautza-esneki-barazkien menua<\/li><li>Arrautza-esneki-barazki eta arrainen menua<\/li><li>Nutrizio-premia berezietarako dietak: intolerantzia, alergia edota dieta bidezko tratamendu espezifikoa duten patologietarako dietak.<\/li><\/ol><p>Menuak eskolaren web orrialdean eskuratu daitezke. Hilero berritzen dira.<\/p><p>Kuotak: Hezkuntza Sailak ezarritakoak dira.<\/p><p>[\/et_pb_text][\/et_pb_column][et_pb_column type=\"1_2\" _builder_version=\"4.27.4\" _module_preset=\"default\" global_colors_info=\"{}\"][et_pb_image src=\"https:\/\/lezoherrieskola.eus\/wp-content\/uploads\/2025\/05\/jangela.png\" alt=\"Lezo Herri Eskola jangela\" title_text=\"Lezo Herri Eskola jangela\" _builder_version=\"4.27.4\" _module_preset=\"default\" hover_enabled=\"0\" global_colors_info=\"{}\" custom_margin=\"||0px||false|false\" custom_padding=\"||0px||false|false\" sticky_enabled=\"0\"][\/et_pb_image][\/et_pb_column][\/et_pb_row][et_pb_row column_structure=\"1_5,1_5,1_5,1_5,1_5\" _builder_version=\"4.27.4\" _module_preset=\"default\" module_alignment=\"center\" custom_margin=\"0px||||false|false\" custom_padding=\"0px||||false|false\" global_colors_info=\"{}\"][et_pb_column type=\"1_5\" _builder_version=\"4.27.4\" _module_preset=\"default\" global_colors_info=\"{}\"][\/et_pb_column][et_pb_column type=\"1_5\" _builder_version=\"4.27.4\" _module_preset=\"default\" global_colors_info=\"{}\"][\/et_pb_column][et_pb_column type=\"1_5\" _builder_version=\"4.27.4\" _module_preset=\"default\" custom_padding=\"|20px||20px|true|true\" global_colors_info=\"{}\"][\/et_pb_column][et_pb_column type=\"1_5\" _builder_version=\"4.27.4\" _module_preset=\"default\" custom_padding=\"|20px||20px|true|true\" global_colors_info=\"{}\"][\/et_pb_column][et_pb_column type=\"1_5\" _builder_version=\"4.27.4\" _module_preset=\"default\" custom_padding=\"|20px||20px|true|true\" global_colors_info=\"{}\"][et_pb_image src=\"https:\/\/lezoherrieskola.eus\/wp-content\/uploads\/2025\/05\/ausolan_logoa.png\" alt=\"ausolan_logoa\" title_text=\"ausolan_logoa\" _builder_version=\"4.27.4\" _module_preset=\"default\" global_colors_info=\"{}\"][\/et_pb_image][\/et_pb_column][\/et_pb_row][\/et_pb_section]<\/p>","_et_gb_content_width":"","footnotes":""},"class_list":["post-1123","page","type-page","status-publish","hentry"],"yoast_head":"<!-- This site is optimized with the Yoast SEO plugin v27.4 - https:\/\/yoast.com\/product\/yoast-seo-wordpress\/ -->\n<title>Comedor - Lezo Herri Eskola<\/title>\n<meta name=\"robots\" content=\"index, follow, max-snippet:-1, max-image-preview:large, max-video-preview:-1\" \/>\n<link rel=\"canonical\" href=\"https:\/\/lezoherrieskola.eus\/es\/servicios\/comedor\/\" \/>\n<meta property=\"og:locale\" content=\"es_ES\" \/>\n<meta property=\"og:type\" content=\"article\" \/>\n<meta property=\"og:title\" content=\"Comedor - Lezo Herri Eskola\" \/>\n<meta property=\"og:description\" content=\"La escuela dispone de cocina y es all\u00ed donde se prepara la comida. La empresa AUSOLAN, designada por el Departamento de Educaci\u00f3n, dise\u00f1a los men\u00fas y gestiona los alimentos. Se ofrecen diferentes tipos de men\u00fas: Men\u00fa B\u00e1sico Men\u00fa sin cerdo Men\u00fa de hortalizas l\u00e1cteas de huevo Men\u00fa de hortalizas y pescados l\u00e1cteos de huevo Dietas [&hellip;]\" \/>\n<meta property=\"og:url\" content=\"https:\/\/lezoherrieskola.eus\/es\/servicios\/comedor\/\" \/>\n<meta property=\"og:site_name\" content=\"Lezo Herri Eskola\" \/>\n<meta property=\"article:modified_time\" content=\"2025-06-17T15:44:02+00:00\" \/>\n<meta name=\"twitter:card\" content=\"summary_large_image\" \/>\n<meta name=\"twitter:label1\" content=\"Tiempo de lectura\" \/>\n\t<meta name=\"twitter:data1\" content=\"1 minuto\" \/>\n<script type=\"application\/ld+json\" class=\"yoast-schema-graph\">{\"@context\":\"https:\\\/\\\/schema.org\",\"@graph\":[{\"@type\":\"WebPage\",\"@id\":\"https:\\\/\\\/lezoherrieskola.eus\\\/es\\\/servicios\\\/comedor\\\/\",\"url\":\"https:\\\/\\\/lezoherrieskola.eus\\\/es\\\/servicios\\\/comedor\\\/\",\"name\":\"Comedor - Lezo Herri Eskola\",\"isPartOf\":{\"@id\":\"https:\\\/\\\/lezoherrieskola.eus\\\/es\\\/#website\"},\"datePublished\":\"2025-06-17T11:15:16+00:00\",\"dateModified\":\"2025-06-17T15:44:02+00:00\",\"breadcrumb\":{\"@id\":\"https:\\\/\\\/lezoherrieskola.eus\\\/es\\\/servicios\\\/comedor\\\/#breadcrumb\"},\"inLanguage\":\"es\",\"potentialAction\":[{\"@type\":\"ReadAction\",\"target\":[\"https:\\\/\\\/lezoherrieskola.eus\\\/es\\\/servicios\\\/comedor\\\/\"]}]},{\"@type\":\"BreadcrumbList\",\"@id\":\"https:\\\/\\\/lezoherrieskola.eus\\\/es\\\/servicios\\\/comedor\\\/#breadcrumb\",\"itemListElement\":[{\"@type\":\"ListItem\",\"position\":1,\"name\":\"Home\",\"item\":\"https:\\\/\\\/lezoherrieskola.eus\\\/es\\\/\"},{\"@type\":\"ListItem\",\"position\":2,\"name\":\"Servicios\",\"item\":\"https:\\\/\\\/lezoherrieskola.eus\\\/es\\\/servicios\\\/\"},{\"@type\":\"ListItem\",\"position\":3,\"name\":\"Comedor\"}]},{\"@type\":\"WebSite\",\"@id\":\"https:\\\/\\\/lezoherrieskola.eus\\\/es\\\/#website\",\"url\":\"https:\\\/\\\/lezoherrieskola.eus\\\/es\\\/\",\"name\":\"Lezo Herri Eskola\",\"description\":\"Ikastetxe publikoa\",\"potentialAction\":[{\"@type\":\"SearchAction\",\"target\":{\"@type\":\"EntryPoint\",\"urlTemplate\":\"https:\\\/\\\/lezoherrieskola.eus\\\/es\\\/?s={search_term_string}\"},\"query-input\":{\"@type\":\"PropertyValueSpecification\",\"valueRequired\":true,\"valueName\":\"search_term_string\"}}],\"inLanguage\":\"es\"}]}<\/script>\n<!-- \/ Yoast SEO plugin. -->","yoast_head_json":{"title":"Comedor - Lezo Herri Eskola","robots":{"index":"index","follow":"follow","max-snippet":"max-snippet:-1","max-image-preview":"max-image-preview:large","max-video-preview":"max-video-preview:-1"},"canonical":"https:\/\/lezoherrieskola.eus\/es\/servicios\/comedor\/","og_locale":"es_ES","og_type":"article","og_title":"Comedor - Lezo Herri Eskola","og_description":"La escuela dispone de cocina y es all\u00ed donde se prepara la comida. La empresa AUSOLAN, designada por el Departamento de Educaci\u00f3n, dise\u00f1a los men\u00fas y gestiona los alimentos. Se ofrecen diferentes tipos de men\u00fas: Men\u00fa B\u00e1sico Men\u00fa sin cerdo Men\u00fa de hortalizas l\u00e1cteas de huevo Men\u00fa de hortalizas y pescados l\u00e1cteos de huevo Dietas [&hellip;]","og_url":"https:\/\/lezoherrieskola.eus\/es\/servicios\/comedor\/","og_site_name":"Lezo Herri Eskola","article_modified_time":"2025-06-17T15:44:02+00:00","twitter_card":"summary_large_image","twitter_misc":{"Tiempo de lectura":"1 minuto"},"schema":{"@context":"https:\/\/schema.org","@graph":[{"@type":"WebPage","@id":"https:\/\/lezoherrieskola.eus\/es\/servicios\/comedor\/","url":"https:\/\/lezoherrieskola.eus\/es\/servicios\/comedor\/","name":"Comedor - Lezo Herri Eskola","isPartOf":{"@id":"https:\/\/lezoherrieskola.eus\/es\/#website"},"datePublished":"2025-06-17T11:15:16+00:00","dateModified":"2025-06-17T15:44:02+00:00","breadcrumb":{"@id":"https:\/\/lezoherrieskola.eus\/es\/servicios\/comedor\/#breadcrumb"},"inLanguage":"es","potentialAction":[{"@type":"ReadAction","target":["https:\/\/lezoherrieskola.eus\/es\/servicios\/comedor\/"]}]},{"@type":"BreadcrumbList","@id":"https:\/\/lezoherrieskola.eus\/es\/servicios\/comedor\/#breadcrumb","itemListElement":[{"@type":"ListItem","position":1,"name":"Home","item":"https:\/\/lezoherrieskola.eus\/es\/"},{"@type":"ListItem","position":2,"name":"Servicios","item":"https:\/\/lezoherrieskola.eus\/es\/servicios\/"},{"@type":"ListItem","position":3,"name":"Comedor"}]},{"@type":"WebSite","@id":"https:\/\/lezoherrieskola.eus\/es\/#website","url":"https:\/\/lezoherrieskola.eus\/es\/","name":"Lezo Herri Eskola","description":"Ikastetxe publikoa","potentialAction":[{"@type":"SearchAction","target":{"@type":"EntryPoint","urlTemplate":"https:\/\/lezoherrieskola.eus\/es\/?s={search_term_string}"},"query-input":{"@type":"PropertyValueSpecification","valueRequired":true,"valueName":"search_term_string"}}],"inLanguage":"es"}]}},"_links":{"self":[{"href":"https:\/\/lezoherrieskola.eus\/es\/wp-json\/wp\/v2\/pages\/1123","targetHints":{"allow":["GET"]}}],"collection":[{"href":"https:\/\/lezoherrieskola.eus\/es\/wp-json\/wp\/v2\/pages"}],"about":[{"href":"https:\/\/lezoherrieskola.eus\/es\/wp-json\/wp\/v2\/types\/page"}],"author":[{"embeddable":true,"href":"https:\/\/lezoherrieskola.eus\/es\/wp-json\/wp\/v2\/users\/2"}],"replies":[{"embeddable":true,"href":"https:\/\/lezoherrieskola.eus\/es\/wp-json\/wp\/v2\/comments?post=1123"}],"version-history":[{"count":6,"href":"https:\/\/lezoherrieskola.eus\/es\/wp-json\/wp\/v2\/pages\/1123\/revisions"}],"predecessor-version":[{"id":1232,"href":"https:\/\/lezoherrieskola.eus\/es\/wp-json\/wp\/v2\/pages\/1123\/revisions\/1232"}],"up":[{"embeddable":true,"href":"https:\/\/lezoherrieskola.eus\/es\/wp-json\/wp\/v2\/pages\/1099"}],"wp:attachment":[{"href":"https:\/\/lezoherrieskola.eus\/es\/wp-json\/wp\/v2\/media?parent=1123"}],"curies":[{"name":"wp","href":"https:\/\/api.w.org\/{rel}","templated":true}]}}