{"id":1113,"date":"2025-06-17T13:12:08","date_gmt":"2025-06-17T11:12:08","guid":{"rendered":"https:\/\/lezoherrieskola.eus\/?page_id=1113"},"modified":"2025-09-04T11:05:00","modified_gmt":"2025-09-04T09:05:00","slug":"txoko-matinal-y-tardes","status":"publish","type":"page","link":"https:\/\/lezoherrieskola.eus\/es\/servicios\/txoko-matinal-y-tardes\/","title":{"rendered":"Txoko matinal y tardes"},"content":{"rendered":"<p>[et_pb_section fb_built=\u00bb1&#8243; _builder_version=\u00bb4.27.4&#8243; _module_preset=\u00bbdefault\u00bb background_color=\u00bbRGBA(255,255,255,0)\u00bb background_enable_image=\u00bboff\u00bb background_size=\u00bbcustom\u00bb background_image_width=\u00bb78%\u00bb background_position=\u00bbtop_left\u00bb global_colors_info=\u00bb{}\u00bb][et_pb_row column_structure=\u00bb1_2,1_2&#8243; _builder_version=\u00bb4.27.4&#8243; _module_preset=\u00bbdefault\u00bb global_colors_info=\u00bb{}\u00bb][et_pb_column type=\u00bb1_2&#8243; _builder_version=\u00bb4.27.4&#8243; _module_preset=\u00bbdefault\u00bb global_colors_info=\u00bb{}\u00bb][et_pb_text _builder_version=\u00bb4.27.4&#8243; _module_preset=\u00bbdefault\u00bb global_colors_info=\u00bb{}\u00bb]<\/p>\n<h2>TXOKO MATINAL:<\/h2>\n<p>Horario: Se dar\u00e1 de 7:30 a 9.00<\/p>\n<ul>\n<li>Los ni\u00f1os y ni\u00f1as tendr\u00e1n la oportunidad de utilizar el servicio desde el inicio del curso. Debido a la adaptaci\u00f3n, los ni\u00f1os de 2 a\u00f1os comenzar\u00e1n en octubre.<\/li>\n<li>Los ni\u00f1os tienen que ir a la guarder\u00eda desayunados, ya que no se va a dar el desayuno.<\/li>\n<li>En d\u00edas sueltos se puede utilizar el servicio de vigilancia, concertado telef\u00f3nicamente con el responsable.<\/li>\n<\/ul>\n<p>[\/et_pb_text][\/et_pb_column][et_pb_column type=\u00bb1_2&#8243; _builder_version=\u00bb4.27.4&#8243; _module_preset=\u00bbdefault\u00bb global_colors_info=\u00bb{}\u00bb][et_pb_image src=\u00bbhttps:\/\/lezoherrieskola.eus\/wp-content\/uploads\/2025\/05\/pexels-natalie-bond-320378-3913426-scaled.jpg\u00bb alt=\u00bbLezo Herri Eskola goiz txokoa\u00bb title_text=\u00bbLezo Herri Eskola goiz txokoa\u00bb _builder_version=\u00bb4.27.4&#8243; _module_preset=\u00bbdefault\u00bb border_width_all=\u00bb1px\u00bb border_color_all=\u00bb#addce2&#8243; global_colors_info=\u00bb{}\u00bb][\/et_pb_image][\/et_pb_column][\/et_pb_row][et_pb_row column_structure=\u00bb3_5,1_5,1_5&#8243; _builder_version=\u00bb4.21.0&#8243; _module_preset=\u00bbdefault\u00bb background_enable_image=\u00bboff\u00bb background_size=\u00bbcontain\u00bb custom_margin=\u00bb||0px||false|false\u00bb custom_padding=\u00bb||0px||false|false\u00bb global_colors_info=\u00bb{}\u00bb][et_pb_column type=\u00bb3_5&#8243; _builder_version=\u00bb4.21.0&#8243; _module_preset=\u00bbdefault\u00bb global_colors_info=\u00bb{}\u00bb][\/et_pb_column][et_pb_column type=\u00bb1_5&#8243; _builder_version=\u00bb4.21.0&#8243; _module_preset=\u00bbdefault\u00bb global_colors_info=\u00bb{}\u00bb][et_pb_image src=\u00bbhttps:\/\/lezoherrieskola.eus\/wp-content\/uploads\/2025\/05\/BOROBIL_11.png\u00bb alt=\u00bbborobil ikur urdin iluna\u00bb title_text=\u00bbborobil ikur urdin iluna\u00bb _builder_version=\u00bb4.21.0&#8243; _module_preset=\u00bbdefault\u00bb global_colors_info=\u00bb{}\u00bb][\/et_pb_image][\/et_pb_column][et_pb_column type=\u00bb1_5&#8243; _builder_version=\u00bb4.21.0&#8243; _module_preset=\u00bbdefault\u00bb global_colors_info=\u00bb{}\u00bb][et_pb_image src=\u00bbhttps:\/\/lezoherrieskola.eus\/wp-content\/uploads\/2025\/05\/BOROBIL_4.png\u00bb alt=\u00bbBOROBIL_4&#8243; title_text=\u00bbBOROBIL_4&#8243; align=\u00bbright\u00bb _builder_version=\u00bb4.21.0&#8243; _module_preset=\u00bbdefault\u00bb background_enable_color=\u00bboff\u00bb background_enable_image=\u00bboff\u00bb background_size=\u00bbcontain\u00bb global_colors_info=\u00bb{}\u00bb][\/et_pb_image][\/et_pb_column][\/et_pb_row][\/et_pb_section]<\/p>\n","protected":false},"excerpt":{"rendered":"<p>TXOKO MATINAL: Horario: Se dar\u00e1 de 7:30 a 9.00 Los ni\u00f1os y ni\u00f1as tendr\u00e1n la oportunidad de utilizar el servicio desde el inicio del curso. Debido a la adaptaci\u00f3n, los ni\u00f1os de 2 a\u00f1os comenzar\u00e1n en octubre. Los ni\u00f1os tienen que ir a la guarder\u00eda desayunados, ya que no se va a dar el desayuno. [&hellip;]<\/p>\n","protected":false},"author":2,"featured_media":0,"parent":1099,"menu_order":0,"comment_status":"closed","ping_status":"closed","template":"","meta":{"_et_pb_use_builder":"on","_et_pb_old_content":"<p>[et_pb_section fb_built=\"1\" _builder_version=\"4.27.4\" _module_preset=\"default\" background_color=\"RGBA(255,255,255,0)\" background_enable_image=\"off\" background_size=\"custom\" background_image_width=\"78%\" background_position=\"top_left\" global_colors_info=\"{}\"][et_pb_row column_structure=\"1_2,1_2\" _builder_version=\"4.27.4\" _module_preset=\"default\" global_colors_info=\"{}\"][et_pb_column type=\"1_2\" _builder_version=\"4.27.4\" _module_preset=\"default\" global_colors_info=\"{}\"][et_pb_text _builder_version=\"4.27.4\" _module_preset=\"default\" global_colors_info=\"{}\"]<\/p><h2>GOIZ TXOKOA:<\/h2><p>Ordutegia: 7:30etatik 9.00etara izango da<\/p><ul><li>Ikasturte hasieratik zerbitzua erabiltzeko aukera izango dute haurrek. Egokitzapena dela eta, 2 urteko haurrak urrian hasiko dira.<\/li><li>Haurrek gosalduta joan behar dute zaintzara, bertan ez baita gosaririk emango.<\/li><li>Egun solteetan zaintza zerbitzua erabil daiteke, arduradunarekin telefonoz adostuta.<\/li><\/ul><p>[\/et_pb_text][et_pb_text _builder_version=\"4.27.4\" _module_preset=\"default\" global_colors_info=\"{}\"]<\/p><h2>ARRATSALDE TXOKOA:<\/h2><p>Iraileko eta ekaineko jardunaldi trinkoetan.<\/p><ul><li>Ordutegia: 15:00-16:30 (ordutegia ez da malgua, guztiak 16:30etan aterako dira)<\/li><\/ul><p>\u00a0<\/p><p>[\/et_pb_text][\/et_pb_column][et_pb_column type=\"1_2\" _builder_version=\"4.27.4\" _module_preset=\"default\" global_colors_info=\"{}\"][et_pb_image src=\"https:\/\/lezoherrieskola.eus\/wp-content\/uploads\/2025\/05\/pexels-natalie-bond-320378-3913426-scaled.jpg\" alt=\"Lezo Herri Eskola goiz txokoa\" title_text=\"Lezo Herri Eskola goiz txokoa\" _builder_version=\"4.27.4\" _module_preset=\"default\" hover_enabled=\"0\" global_colors_info=\"{}\" border_width_all=\"1px\" border_color_all=\"#addce2\" sticky_enabled=\"0\"][\/et_pb_image][\/et_pb_column][\/et_pb_row][et_pb_row column_structure=\"3_5,1_5,1_5\" _builder_version=\"4.21.0\" _module_preset=\"default\" background_enable_image=\"off\" background_size=\"contain\" custom_margin=\"||0px||false|false\" custom_padding=\"||0px||false|false\" global_colors_info=\"{}\"][et_pb_column type=\"3_5\" _builder_version=\"4.21.0\" _module_preset=\"default\" global_colors_info=\"{}\"][\/et_pb_column][et_pb_column type=\"1_5\" _builder_version=\"4.21.0\" _module_preset=\"default\" global_colors_info=\"{}\"][et_pb_image src=\"https:\/\/lezoherrieskola.eus\/wp-content\/uploads\/2025\/05\/BOROBIL_11.png\" alt=\"borobil ikur urdin iluna\" title_text=\"borobil ikur urdin iluna\" _builder_version=\"4.21.0\" _module_preset=\"default\" global_colors_info=\"{}\"][\/et_pb_image][\/et_pb_column][et_pb_column type=\"1_5\" _builder_version=\"4.21.0\" _module_preset=\"default\" global_colors_info=\"{}\"][et_pb_image src=\"https:\/\/lezoherrieskola.eus\/wp-content\/uploads\/2025\/05\/BOROBIL_4.png\" alt=\"BOROBIL_4\" title_text=\"BOROBIL_4\" align=\"right\" _builder_version=\"4.21.0\" _module_preset=\"default\" background_enable_color=\"off\" background_enable_image=\"off\" background_size=\"contain\" global_colors_info=\"{}\"][\/et_pb_image][\/et_pb_column][\/et_pb_row][\/et_pb_section]<\/p>","_et_gb_content_width":"","footnotes":""},"class_list":["post-1113","page","type-page","status-publish","hentry"],"yoast_head":"<!-- This site is optimized with the Yoast SEO plugin v27.4 - https:\/\/yoast.com\/product\/yoast-seo-wordpress\/ -->\n<title>Txoko matinal y tardes - Lezo Herri Eskola<\/title>\n<meta name=\"robots\" content=\"index, follow, max-snippet:-1, max-image-preview:large, max-video-preview:-1\" \/>\n<link rel=\"canonical\" href=\"https:\/\/lezoherrieskola.eus\/es\/servicios\/txoko-matinal-y-tardes\/\" \/>\n<meta property=\"og:locale\" content=\"es_ES\" \/>\n<meta property=\"og:type\" content=\"article\" \/>\n<meta property=\"og:title\" content=\"Txoko matinal y tardes - Lezo Herri Eskola\" \/>\n<meta property=\"og:description\" content=\"TXOKO MATINAL: Horario: Se dar\u00e1 de 7:30 a 9.00 Los ni\u00f1os y ni\u00f1as tendr\u00e1n la oportunidad de utilizar el servicio desde el inicio del curso. Debido a la adaptaci\u00f3n, los ni\u00f1os de 2 a\u00f1os comenzar\u00e1n en octubre. Los ni\u00f1os tienen que ir a la guarder\u00eda desayunados, ya que no se va a dar el desayuno. [&hellip;]\" \/>\n<meta property=\"og:url\" content=\"https:\/\/lezoherrieskola.eus\/es\/servicios\/txoko-matinal-y-tardes\/\" \/>\n<meta property=\"og:site_name\" content=\"Lezo Herri Eskola\" \/>\n<meta property=\"article:modified_time\" content=\"2025-09-04T09:05:00+00:00\" \/>\n<meta name=\"twitter:card\" content=\"summary_large_image\" \/>\n<meta name=\"twitter:label1\" content=\"Tiempo de lectura\" \/>\n\t<meta name=\"twitter:data1\" content=\"2 minutos\" \/>\n<script type=\"application\/ld+json\" class=\"yoast-schema-graph\">{\"@context\":\"https:\\\/\\\/schema.org\",\"@graph\":[{\"@type\":\"WebPage\",\"@id\":\"https:\\\/\\\/lezoherrieskola.eus\\\/es\\\/servicios\\\/txoko-matinal-y-tardes\\\/\",\"url\":\"https:\\\/\\\/lezoherrieskola.eus\\\/es\\\/servicios\\\/txoko-matinal-y-tardes\\\/\",\"name\":\"Txoko matinal y tardes - Lezo Herri Eskola\",\"isPartOf\":{\"@id\":\"https:\\\/\\\/lezoherrieskola.eus\\\/es\\\/#website\"},\"datePublished\":\"2025-06-17T11:12:08+00:00\",\"dateModified\":\"2025-09-04T09:05:00+00:00\",\"breadcrumb\":{\"@id\":\"https:\\\/\\\/lezoherrieskola.eus\\\/es\\\/servicios\\\/txoko-matinal-y-tardes\\\/#breadcrumb\"},\"inLanguage\":\"es\",\"potentialAction\":[{\"@type\":\"ReadAction\",\"target\":[\"https:\\\/\\\/lezoherrieskola.eus\\\/es\\\/servicios\\\/txoko-matinal-y-tardes\\\/\"]}]},{\"@type\":\"BreadcrumbList\",\"@id\":\"https:\\\/\\\/lezoherrieskola.eus\\\/es\\\/servicios\\\/txoko-matinal-y-tardes\\\/#breadcrumb\",\"itemListElement\":[{\"@type\":\"ListItem\",\"position\":1,\"name\":\"Home\",\"item\":\"https:\\\/\\\/lezoherrieskola.eus\\\/es\\\/\"},{\"@type\":\"ListItem\",\"position\":2,\"name\":\"Servicios\",\"item\":\"https:\\\/\\\/lezoherrieskola.eus\\\/es\\\/servicios\\\/\"},{\"@type\":\"ListItem\",\"position\":3,\"name\":\"Txoko matinal y tardes\"}]},{\"@type\":\"WebSite\",\"@id\":\"https:\\\/\\\/lezoherrieskola.eus\\\/es\\\/#website\",\"url\":\"https:\\\/\\\/lezoherrieskola.eus\\\/es\\\/\",\"name\":\"Lezo Herri Eskola\",\"description\":\"Ikastetxe publikoa\",\"potentialAction\":[{\"@type\":\"SearchAction\",\"target\":{\"@type\":\"EntryPoint\",\"urlTemplate\":\"https:\\\/\\\/lezoherrieskola.eus\\\/es\\\/?s={search_term_string}\"},\"query-input\":{\"@type\":\"PropertyValueSpecification\",\"valueRequired\":true,\"valueName\":\"search_term_string\"}}],\"inLanguage\":\"es\"}]}<\/script>\n<!-- \/ Yoast SEO plugin. -->","yoast_head_json":{"title":"Txoko matinal y tardes - Lezo Herri Eskola","robots":{"index":"index","follow":"follow","max-snippet":"max-snippet:-1","max-image-preview":"max-image-preview:large","max-video-preview":"max-video-preview:-1"},"canonical":"https:\/\/lezoherrieskola.eus\/es\/servicios\/txoko-matinal-y-tardes\/","og_locale":"es_ES","og_type":"article","og_title":"Txoko matinal y tardes - Lezo Herri Eskola","og_description":"TXOKO MATINAL: Horario: Se dar\u00e1 de 7:30 a 9.00 Los ni\u00f1os y ni\u00f1as tendr\u00e1n la oportunidad de utilizar el servicio desde el inicio del curso. Debido a la adaptaci\u00f3n, los ni\u00f1os de 2 a\u00f1os comenzar\u00e1n en octubre. Los ni\u00f1os tienen que ir a la guarder\u00eda desayunados, ya que no se va a dar el desayuno. [&hellip;]","og_url":"https:\/\/lezoherrieskola.eus\/es\/servicios\/txoko-matinal-y-tardes\/","og_site_name":"Lezo Herri Eskola","article_modified_time":"2025-09-04T09:05:00+00:00","twitter_card":"summary_large_image","twitter_misc":{"Tiempo de lectura":"2 minutos"},"schema":{"@context":"https:\/\/schema.org","@graph":[{"@type":"WebPage","@id":"https:\/\/lezoherrieskola.eus\/es\/servicios\/txoko-matinal-y-tardes\/","url":"https:\/\/lezoherrieskola.eus\/es\/servicios\/txoko-matinal-y-tardes\/","name":"Txoko matinal y tardes - Lezo Herri Eskola","isPartOf":{"@id":"https:\/\/lezoherrieskola.eus\/es\/#website"},"datePublished":"2025-06-17T11:12:08+00:00","dateModified":"2025-09-04T09:05:00+00:00","breadcrumb":{"@id":"https:\/\/lezoherrieskola.eus\/es\/servicios\/txoko-matinal-y-tardes\/#breadcrumb"},"inLanguage":"es","potentialAction":[{"@type":"ReadAction","target":["https:\/\/lezoherrieskola.eus\/es\/servicios\/txoko-matinal-y-tardes\/"]}]},{"@type":"BreadcrumbList","@id":"https:\/\/lezoherrieskola.eus\/es\/servicios\/txoko-matinal-y-tardes\/#breadcrumb","itemListElement":[{"@type":"ListItem","position":1,"name":"Home","item":"https:\/\/lezoherrieskola.eus\/es\/"},{"@type":"ListItem","position":2,"name":"Servicios","item":"https:\/\/lezoherrieskola.eus\/es\/servicios\/"},{"@type":"ListItem","position":3,"name":"Txoko matinal y tardes"}]},{"@type":"WebSite","@id":"https:\/\/lezoherrieskola.eus\/es\/#website","url":"https:\/\/lezoherrieskola.eus\/es\/","name":"Lezo Herri Eskola","description":"Ikastetxe publikoa","potentialAction":[{"@type":"SearchAction","target":{"@type":"EntryPoint","urlTemplate":"https:\/\/lezoherrieskola.eus\/es\/?s={search_term_string}"},"query-input":{"@type":"PropertyValueSpecification","valueRequired":true,"valueName":"search_term_string"}}],"inLanguage":"es"}]}},"_links":{"self":[{"href":"https:\/\/lezoherrieskola.eus\/es\/wp-json\/wp\/v2\/pages\/1113","targetHints":{"allow":["GET"]}}],"collection":[{"href":"https:\/\/lezoherrieskola.eus\/es\/wp-json\/wp\/v2\/pages"}],"about":[{"href":"https:\/\/lezoherrieskola.eus\/es\/wp-json\/wp\/v2\/types\/page"}],"author":[{"embeddable":true,"href":"https:\/\/lezoherrieskola.eus\/es\/wp-json\/wp\/v2\/users\/2"}],"replies":[{"embeddable":true,"href":"https:\/\/lezoherrieskola.eus\/es\/wp-json\/wp\/v2\/comments?post=1113"}],"version-history":[{"count":11,"href":"https:\/\/lezoherrieskola.eus\/es\/wp-json\/wp\/v2\/pages\/1113\/revisions"}],"predecessor-version":[{"id":1363,"href":"https:\/\/lezoherrieskola.eus\/es\/wp-json\/wp\/v2\/pages\/1113\/revisions\/1363"}],"up":[{"embeddable":true,"href":"https:\/\/lezoherrieskola.eus\/es\/wp-json\/wp\/v2\/pages\/1099"}],"wp:attachment":[{"href":"https:\/\/lezoherrieskola.eus\/es\/wp-json\/wp\/v2\/media?parent=1113"}],"curies":[{"name":"wp","href":"https:\/\/api.w.org\/{rel}","templated":true}]}}