{"id":1067,"date":"2025-06-17T12:42:01","date_gmt":"2025-06-17T10:42:01","guid":{"rendered":"https:\/\/lezoherrieskola.eus\/?page_id=1067"},"modified":"2025-06-17T12:42:19","modified_gmt":"2025-06-17T10:42:19","slug":"lezokeitan","status":"publish","type":"page","link":"https:\/\/lezoherrieskola.eus\/es\/educacion\/lezokeitan\/","title":{"rendered":"Lezokeitan"},"content":{"rendered":"<p>[et_pb_section fb_built=\u00bb1&#8243; _builder_version=\u00bb4.27.4&#8243; _module_preset=\u00bbdefault\u00bb global_colors_info=\u00bb{}\u00bb][et_pb_row column_structure=\u00bb1_2,1_2&#8243; _builder_version=\u00bb4.27.4&#8243; _module_preset=\u00bbdefault\u00bb global_colors_info=\u00bb{}\u00bb][et_pb_column type=\u00bb1_2&#8243; _builder_version=\u00bb4.27.4&#8243; _module_preset=\u00bbdefault\u00bb global_colors_info=\u00bb{}\u00bb][et_pb_text _builder_version=\u00bb4.27.4&#8243; _module_preset=\u00bbdefault\u00bb global_colors_info=\u00bb{}\u00bb]<\/p>\n<p>Queremos presentaros el juego de cartas creado por Lezo Herri Eskola, fruto de la colaboraci\u00f3n entre padres, profesores, alumnos y ayuntamiento.<\/p>\n<p>[\/et_pb_text][et_pb_image src=\u00bbhttps:\/\/lezoherrieskola.eus\/wp-content\/uploads\/2025\/05\/lezokeitan_kartajokua.png\u00bb alt=\u00bblezokeitan_kartajokua\u00bb title_text=\u00bblezokeitan_kartajokua\u00bb _builder_version=\u00bb4.27.4&#8243; _module_preset=\u00bbdefault\u00bb global_colors_info=\u00bb{}\u00bb][\/et_pb_image][\/et_pb_column][et_pb_column type=\u00bb1_2&#8243; _builder_version=\u00bb4.27.4&#8243; _module_preset=\u00bbdefault\u00bb global_colors_info=\u00bb{}\u00bb][et_pb_image src=\u00bbhttps:\/\/lezoherrieskola.eus\/wp-content\/uploads\/2025\/05\/Lezokeitan.jpg\u00bb alt=\u00bbLezokeitan\u00bb title_text=\u00bbLezokeitan\u00bb _builder_version=\u00bb4.27.4&#8243; _module_preset=\u00bbdefault\u00bb global_colors_info=\u00bb{}\u00bb][\/et_pb_image][\/et_pb_column][\/et_pb_row][et_pb_row column_structure=\u00bb1_5,1_5,1_5,1_5,1_5&#8243; _builder_version=\u00bb4.27.4&#8243; _module_preset=\u00bbdefault\u00bb global_colors_info=\u00bb{}\u00bb][et_pb_column type=\u00bb1_5&#8243; _builder_version=\u00bb4.27.4&#8243; _module_preset=\u00bbdefault\u00bb global_colors_info=\u00bb{}\u00bb][et_pb_text admin_label=\u00bbESPA\u00d1OL\u00bb _builder_version=\u00bb4.27.4&#8243; _module_preset=\u00bbdefault\u00bb border_width_bottom=\u00bb1px\u00bb border_color_bottom=\u00bb#addce2&#8243; global_colors_info=\u00bb{}\u00bb]<\/p>\n<p style=\"text-align: center;\">ESPA\u00d1OL<\/p>\n<p>[\/et_pb_text][et_pb_image src=\u00bbhttps:\/\/lezoherrieskola.eus\/wp-content\/uploads\/2025\/05\/karta-jokoa-GAZTELANIAZ-212&#215;300-1.jpg\u00bb alt=\u00bbkarta-jokoa-GAZTELANIAZ-212&#215;300&#8243; title_text=\u00bbkarta-jokoa-GAZTELANIAZ-212&#215;300&#8243; url=\u00bbhttps:\/\/lezoherrieskola.eus\/wp-content\/uploads\/2025\/05\/karta-jokoa-GAZTELANIAZ.pdf\u00bb url_new_window=\u00bbon\u00bb _builder_version=\u00bb4.27.4&#8243; _module_preset=\u00bbdefault\u00bb border_width_all=\u00bb1px\u00bb border_color_all=\u00bb#addce2&#8243; global_colors_info=\u00bb{}\u00bb][\/et_pb_image][\/et_pb_column][et_pb_column type=\u00bb1_5&#8243; _builder_version=\u00bb4.27.4&#8243; _module_preset=\u00bbdefault\u00bb global_colors_info=\u00bb{}\u00bb][et_pb_text admin_label=\u00bb\u00c1RABE\u00bb _builder_version=\u00bb4.27.4&#8243; _module_preset=\u00bbdefault\u00bb border_width_bottom=\u00bb1px\u00bb border_color_bottom=\u00bb#addce2&#8243; global_colors_info=\u00bb{}\u00bb]<\/p>\n<p style=\"text-align: center;\">\u00c1RABE<\/p>\n<p>[\/et_pb_text][et_pb_image src=\u00bbhttps:\/\/lezoherrieskola.eus\/wp-content\/uploads\/2025\/05\/karta-jokoa-ARABIARREZ-212&#215;300-1.jpg\u00bb alt=\u00bbkarta-jokoa-ARABIARREZ-212&#215;300&#8243; title_text=\u00bbkarta-jokoa-ARABIARREZ-212&#215;300&#8243; url=\u00bbhttps:\/\/lezoherrieskola.eus\/wp-content\/uploads\/2025\/05\/karta-jokoa-ARABIARREZ.pdf\u00bb url_new_window=\u00bbon\u00bb _builder_version=\u00bb4.27.4&#8243; _module_preset=\u00bbdefault\u00bb border_width_all=\u00bb1px\u00bb border_color_all=\u00bb#addce2&#8243; global_colors_info=\u00bb{}\u00bb][\/et_pb_image][\/et_pb_column][et_pb_column type=\u00bb1_5&#8243; _builder_version=\u00bb4.27.4&#8243; _module_preset=\u00bbdefault\u00bb global_colors_info=\u00bb{}\u00bb][et_pb_text admin_label=\u00bbINGL\u00c9S\u00bb _builder_version=\u00bb4.27.4&#8243; _module_preset=\u00bbdefault\u00bb link_option_url=\u00bbhttps:\/\/lezoherrieskola.eus\/wp-content\/uploads\/2025\/05\/karta-jokoa-INGELESEZ.pdf\u00bb link_option_url_new_window=\u00bbon\u00bb border_width_bottom=\u00bb1px\u00bb border_color_bottom=\u00bb#addce2&#8243; global_colors_info=\u00bb{}\u00bb]<\/p>\n<p style=\"text-align: center;\">INGL\u00c9S<\/p>\n<p>[\/et_pb_text][et_pb_image src=\u00bbhttps:\/\/lezoherrieskola.eus\/wp-content\/uploads\/2025\/05\/karta-jokoa-INGELESEZ-212&#215;300-1.jpg\u00bb alt=\u00bbkarta-jokoa-INGELESEZ-212&#215;300&#8243; title_text=\u00bbkarta-jokoa-INGELESEZ-212&#215;300&#8243; url=\u00bbhttps:\/\/lezoherrieskola.eus\/wp-content\/uploads\/2025\/05\/karta-jokoa-INGELESEZ.pdf\u00bb url_new_window=\u00bbon\u00bb _builder_version=\u00bb4.27.4&#8243; _module_preset=\u00bbdefault\u00bb border_width_all=\u00bb1px\u00bb border_color_all=\u00bb#addce2&#8243; global_colors_info=\u00bb{}\u00bb][\/et_pb_image][\/et_pb_column][et_pb_column type=\u00bb1_5&#8243; _builder_version=\u00bb4.27.4&#8243; _module_preset=\u00bbdefault\u00bb global_colors_info=\u00bb{}\u00bb][et_pb_text admin_label=\u00bbEUSKARA\u00bb _builder_version=\u00bb4.27.4&#8243; _module_preset=\u00bbdefault\u00bb border_width_bottom=\u00bb1px\u00bb border_color_bottom=\u00bb#addce2&#8243; global_colors_info=\u00bb{}\u00bb]<\/p>\n<p style=\"text-align: center;\">EUSKARA<\/p>\n<p>[\/et_pb_text][et_pb_image src=\u00bbhttps:\/\/lezoherrieskola.eus\/wp-content\/uploads\/2025\/05\/karta-jokoa-gutuna-EUSKARAZ-212&#215;300-1.jpg\u00bb alt=\u00bbkarta-jokoa-gutuna-EUSKARAZ-212&#215;300&#8243; title_text=\u00bbkarta-jokoa-gutuna-EUSKARAZ-212&#215;300&#8243; url=\u00bbhttps:\/\/lezoherrieskola.eus\/wp-content\/uploads\/2025\/05\/karta-jokoa-gutuna-EUSKARAZ.pdf\u00bb url_new_window=\u00bbon\u00bb _builder_version=\u00bb4.27.4&#8243; _module_preset=\u00bbdefault\u00bb border_width_all=\u00bb1px\u00bb border_color_all=\u00bb#addce2&#8243; global_colors_info=\u00bb{}\u00bb][\/et_pb_image][\/et_pb_column][et_pb_column type=\u00bb1_5&#8243; _builder_version=\u00bb4.27.4&#8243; _module_preset=\u00bbdefault\u00bb global_colors_info=\u00bb{}\u00bb][et_pb_text admin_label=\u00bbFRANC\u00c9S\u00bb _builder_version=\u00bb4.27.4&#8243; _module_preset=\u00bbdefault\u00bb link_option_url=\u00bbhttps:\/\/lezoherrieskola.eus\/wp-content\/uploads\/2025\/05\/karta-jokoa-FRANTSESEZ.pdf\u00bb link_option_url_new_window=\u00bbon\u00bb border_width_bottom=\u00bb1px\u00bb border_color_bottom=\u00bb#addce2&#8243; global_colors_info=\u00bb{}\u00bb]<\/p>\n<p style=\"text-align: center;\">FRANC\u00c9S<\/p>\n<p>[\/et_pb_text][et_pb_image src=\u00bbhttps:\/\/lezoherrieskola.eus\/wp-content\/uploads\/2025\/05\/karta-jokoa-FRANTSESEZ-212&#215;300-1.jpg\u00bb alt=\u00bbkarta-jokoa-FRANTSESEZ-212&#215;300&#8243; title_text=\u00bbkarta-jokoa-FRANTSESEZ-212&#215;300&#8243; url=\u00bbhttps:\/\/lezoherrieskola.eus\/wp-content\/uploads\/2025\/05\/karta-jokoa-FRANTSESEZ.pdf\u00bb url_new_window=\u00bbon\u00bb _builder_version=\u00bb4.27.4&#8243; _module_preset=\u00bbdefault\u00bb border_width_all=\u00bb1px\u00bb border_color_all=\u00bb#addce2&#8243; global_colors_info=\u00bb{}\u00bb][\/et_pb_image][\/et_pb_column][\/et_pb_row][\/et_pb_section]<\/p>\n","protected":false},"excerpt":{"rendered":"<p>Queremos presentaros el juego de cartas creado por Lezo Herri Eskola, fruto de la colaboraci\u00f3n entre padres, profesores, alumnos y ayuntamiento.ESPA\u00d1OL\u00c1RABEINGL\u00c9SEUSKARAFRANC\u00c9S<\/p>\n","protected":false},"author":2,"featured_media":0,"parent":1041,"menu_order":0,"comment_status":"closed","ping_status":"closed","template":"","meta":{"_et_pb_use_builder":"on","_et_pb_old_content":"[et_pb_section fb_built=\"1\" _builder_version=\"4.27.4\" _module_preset=\"default\" global_colors_info=\"{}\"][et_pb_row column_structure=\"1_2,1_2\" _builder_version=\"4.27.4\" _module_preset=\"default\" global_colors_info=\"{}\"][et_pb_column type=\"1_2\" _builder_version=\"4.27.4\" _module_preset=\"default\" global_colors_info=\"{}\"][et_pb_text _builder_version=\"4.27.4\" _module_preset=\"default\" global_colors_info=\"{}\"]<p>Lezo Herri Eskolako Euskara Talaiak sortutako karta jokoa aurkeztu nahi dizuegu, guraso, irakasle, ikasle eta udalaren elkarlanaren ondorioz egindakoa.<\/p>[\/et_pb_text][et_pb_image src=\"https:\/\/lezoherrieskola.eus\/wp-content\/uploads\/2025\/05\/lezokeitan_kartajokua.png\" alt=\"lezokeitan_kartajokua\" title_text=\"lezokeitan_kartajokua\" _builder_version=\"4.27.4\" _module_preset=\"default\" global_colors_info=\"{}\"][\/et_pb_image][\/et_pb_column][et_pb_column type=\"1_2\" _builder_version=\"4.27.4\" _module_preset=\"default\" global_colors_info=\"{}\"][et_pb_image src=\"https:\/\/lezoherrieskola.eus\/wp-content\/uploads\/2025\/05\/Lezokeitan.jpg\" alt=\"Lezokeitan\" title_text=\"Lezokeitan\" _builder_version=\"4.27.4\" _module_preset=\"default\" global_colors_info=\"{}\"][\/et_pb_image][\/et_pb_column][\/et_pb_row][et_pb_row column_structure=\"1_5,1_5,1_5,1_5,1_5\" _builder_version=\"4.27.4\" _module_preset=\"default\" global_colors_info=\"{}\"][et_pb_column type=\"1_5\" _builder_version=\"4.27.4\" _module_preset=\"default\" global_colors_info=\"{}\"][et_pb_text admin_label=\"GAZTELANIAZ\" _builder_version=\"4.27.4\" _module_preset=\"default\" border_width_bottom=\"1px\" border_color_bottom=\"#addce2\" global_colors_info=\"{}\"]<p style=\"text-align: center;\">GAZTELANIAZ<\/p>[\/et_pb_text][et_pb_image src=\"https:\/\/lezoherrieskola.eus\/wp-content\/uploads\/2025\/05\/karta-jokoa-GAZTELANIAZ-212x300-1.jpg\" alt=\"karta-jokoa-GAZTELANIAZ-212x300\" title_text=\"karta-jokoa-GAZTELANIAZ-212x300\" url=\"https:\/\/lezoherrieskola.eus\/wp-content\/uploads\/2025\/05\/karta-jokoa-GAZTELANIAZ.pdf\" url_new_window=\"on\" _builder_version=\"4.27.4\" _module_preset=\"default\" global_colors_info=\"{}\" border_width_all=\"1px\" border_color_all=\"#addce2\"][\/et_pb_image][\/et_pb_column][et_pb_column type=\"1_5\" _builder_version=\"4.27.4\" _module_preset=\"default\" global_colors_info=\"{}\"][et_pb_text admin_label=\"ARABIARREZ\" _builder_version=\"4.27.4\" _module_preset=\"default\" border_width_bottom=\"1px\" border_color_bottom=\"#addce2\" global_colors_info=\"{}\"]<p style=\"text-align: center;\">ARABIARREZ<\/p>[\/et_pb_text][et_pb_image src=\"https:\/\/lezoherrieskola.eus\/wp-content\/uploads\/2025\/05\/karta-jokoa-ARABIARREZ-212x300-1.jpg\" alt=\"karta-jokoa-ARABIARREZ-212x300\" title_text=\"karta-jokoa-ARABIARREZ-212x300\" url=\"https:\/\/lezoherrieskola.eus\/wp-content\/uploads\/2025\/05\/karta-jokoa-ARABIARREZ.pdf\" url_new_window=\"on\" _builder_version=\"4.27.4\" _module_preset=\"default\" global_colors_info=\"{}\" border_width_all=\"1px\" border_color_all=\"#addce2\"][\/et_pb_image][\/et_pb_column][et_pb_column type=\"1_5\" _builder_version=\"4.27.4\" _module_preset=\"default\" global_colors_info=\"{}\"][et_pb_text admin_label=\"INGELESEZ\" _builder_version=\"4.27.4\" _module_preset=\"default\" link_option_url=\"https:\/\/lezoherrieskola.eus\/wp-content\/uploads\/2025\/05\/karta-jokoa-INGELESEZ.pdf\" link_option_url_new_window=\"on\" border_width_bottom=\"1px\" border_color_bottom=\"#addce2\" global_colors_info=\"{}\"]<p style=\"text-align: center;\">INGELESEZ<\/p>[\/et_pb_text][et_pb_image src=\"https:\/\/lezoherrieskola.eus\/wp-content\/uploads\/2025\/05\/karta-jokoa-INGELESEZ-212x300-1.jpg\" alt=\"karta-jokoa-INGELESEZ-212x300\" title_text=\"karta-jokoa-INGELESEZ-212x300\" url=\"https:\/\/lezoherrieskola.eus\/wp-content\/uploads\/2025\/05\/karta-jokoa-INGELESEZ.pdf\" url_new_window=\"on\" _builder_version=\"4.27.4\" _module_preset=\"default\" global_colors_info=\"{}\" border_width_all=\"1px\" border_color_all=\"#addce2\"][\/et_pb_image][\/et_pb_column][et_pb_column type=\"1_5\" _builder_version=\"4.27.4\" _module_preset=\"default\" global_colors_info=\"{}\"][et_pb_text admin_label=\"EUSKARAZ\" _builder_version=\"4.27.4\" _module_preset=\"default\" border_width_bottom=\"1px\" border_color_bottom=\"#addce2\" global_colors_info=\"{}\"]<p style=\"text-align: center;\">EUSKARAZ<\/p>[\/et_pb_text][et_pb_image src=\"https:\/\/lezoherrieskola.eus\/wp-content\/uploads\/2025\/05\/karta-jokoa-gutuna-EUSKARAZ-212x300-1.jpg\" alt=\"karta-jokoa-gutuna-EUSKARAZ-212x300\" title_text=\"karta-jokoa-gutuna-EUSKARAZ-212x300\" url=\"https:\/\/lezoherrieskola.eus\/wp-content\/uploads\/2025\/05\/karta-jokoa-gutuna-EUSKARAZ.pdf\" url_new_window=\"on\" _builder_version=\"4.27.4\" _module_preset=\"default\" global_colors_info=\"{}\" border_width_all=\"1px\" border_color_all=\"#addce2\"][\/et_pb_image][\/et_pb_column][et_pb_column type=\"1_5\" _builder_version=\"4.27.4\" _module_preset=\"default\" global_colors_info=\"{}\"][et_pb_text admin_label=\"FRANTZESEZ\" _builder_version=\"4.27.4\" _module_preset=\"default\" link_option_url=\"https:\/\/lezoherrieskola.eus\/wp-content\/uploads\/2025\/05\/karta-jokoa-FRANTSESEZ.pdf\" link_option_url_new_window=\"on\" border_width_bottom=\"1px\" border_color_bottom=\"#addce2\" global_colors_info=\"{}\"]<p style=\"text-align: center;\">FRANTZESEZ<\/p>[\/et_pb_text][et_pb_image src=\"https:\/\/lezoherrieskola.eus\/wp-content\/uploads\/2025\/05\/karta-jokoa-FRANTSESEZ-212x300-1.jpg\" alt=\"karta-jokoa-FRANTSESEZ-212x300\" title_text=\"karta-jokoa-FRANTSESEZ-212x300\" url=\"https:\/\/lezoherrieskola.eus\/wp-content\/uploads\/2025\/05\/karta-jokoa-FRANTSESEZ.pdf\" url_new_window=\"on\" _builder_version=\"4.27.4\" _module_preset=\"default\" global_colors_info=\"{}\" border_width_all=\"1px\" border_color_all=\"#addce2\"][\/et_pb_image][\/et_pb_column][\/et_pb_row][\/et_pb_section]","_et_gb_content_width":"","footnotes":""},"class_list":["post-1067","page","type-page","status-publish","hentry"],"yoast_head":"<!-- This site is optimized with the Yoast SEO plugin v27.4 - https:\/\/yoast.com\/product\/yoast-seo-wordpress\/ -->\n<title>Lezokeitan - Lezo Herri Eskola<\/title>\n<meta name=\"robots\" content=\"index, follow, max-snippet:-1, max-image-preview:large, max-video-preview:-1\" \/>\n<link rel=\"canonical\" href=\"https:\/\/lezoherrieskola.eus\/es\/educacion\/lezokeitan\/\" \/>\n<meta property=\"og:locale\" content=\"es_ES\" \/>\n<meta property=\"og:type\" content=\"article\" \/>\n<meta property=\"og:title\" content=\"Lezokeitan - Lezo Herri Eskola\" \/>\n<meta property=\"og:description\" content=\"Queremos presentaros el juego de cartas creado por Lezo Herri Eskola, fruto de la colaboraci\u00f3n entre padres, profesores, alumnos y ayuntamiento.ESPA\u00d1OL\u00c1RABEINGL\u00c9SEUSKARAFRANC\u00c9S\" \/>\n<meta property=\"og:url\" content=\"https:\/\/lezoherrieskola.eus\/es\/educacion\/lezokeitan\/\" \/>\n<meta property=\"og:site_name\" content=\"Lezo Herri Eskola\" \/>\n<meta property=\"article:modified_time\" content=\"2025-06-17T10:42:19+00:00\" \/>\n<meta name=\"twitter:card\" content=\"summary_large_image\" \/>\n<meta name=\"twitter:label1\" content=\"Tiempo de lectura\" \/>\n\t<meta name=\"twitter:data1\" content=\"2 minutos\" \/>\n<script type=\"application\/ld+json\" class=\"yoast-schema-graph\">{\"@context\":\"https:\\\/\\\/schema.org\",\"@graph\":[{\"@type\":\"WebPage\",\"@id\":\"https:\\\/\\\/lezoherrieskola.eus\\\/es\\\/educacion\\\/lezokeitan\\\/\",\"url\":\"https:\\\/\\\/lezoherrieskola.eus\\\/es\\\/educacion\\\/lezokeitan\\\/\",\"name\":\"Lezokeitan - Lezo Herri Eskola\",\"isPartOf\":{\"@id\":\"https:\\\/\\\/lezoherrieskola.eus\\\/es\\\/#website\"},\"datePublished\":\"2025-06-17T10:42:01+00:00\",\"dateModified\":\"2025-06-17T10:42:19+00:00\",\"breadcrumb\":{\"@id\":\"https:\\\/\\\/lezoherrieskola.eus\\\/es\\\/educacion\\\/lezokeitan\\\/#breadcrumb\"},\"inLanguage\":\"es\",\"potentialAction\":[{\"@type\":\"ReadAction\",\"target\":[\"https:\\\/\\\/lezoherrieskola.eus\\\/es\\\/educacion\\\/lezokeitan\\\/\"]}]},{\"@type\":\"BreadcrumbList\",\"@id\":\"https:\\\/\\\/lezoherrieskola.eus\\\/es\\\/educacion\\\/lezokeitan\\\/#breadcrumb\",\"itemListElement\":[{\"@type\":\"ListItem\",\"position\":1,\"name\":\"Home\",\"item\":\"https:\\\/\\\/lezoherrieskola.eus\\\/es\\\/\"},{\"@type\":\"ListItem\",\"position\":2,\"name\":\"Educaci\u00f3n\",\"item\":\"https:\\\/\\\/lezoherrieskola.eus\\\/es\\\/educacion\\\/\"},{\"@type\":\"ListItem\",\"position\":3,\"name\":\"Lezokeitan\"}]},{\"@type\":\"WebSite\",\"@id\":\"https:\\\/\\\/lezoherrieskola.eus\\\/es\\\/#website\",\"url\":\"https:\\\/\\\/lezoherrieskola.eus\\\/es\\\/\",\"name\":\"Lezo Herri Eskola\",\"description\":\"Ikastetxe publikoa\",\"potentialAction\":[{\"@type\":\"SearchAction\",\"target\":{\"@type\":\"EntryPoint\",\"urlTemplate\":\"https:\\\/\\\/lezoherrieskola.eus\\\/es\\\/?s={search_term_string}\"},\"query-input\":{\"@type\":\"PropertyValueSpecification\",\"valueRequired\":true,\"valueName\":\"search_term_string\"}}],\"inLanguage\":\"es\"}]}<\/script>\n<!-- \/ Yoast SEO plugin. -->","yoast_head_json":{"title":"Lezokeitan - Lezo Herri Eskola","robots":{"index":"index","follow":"follow","max-snippet":"max-snippet:-1","max-image-preview":"max-image-preview:large","max-video-preview":"max-video-preview:-1"},"canonical":"https:\/\/lezoherrieskola.eus\/es\/educacion\/lezokeitan\/","og_locale":"es_ES","og_type":"article","og_title":"Lezokeitan - Lezo Herri Eskola","og_description":"Queremos presentaros el juego de cartas creado por Lezo Herri Eskola, fruto de la colaboraci\u00f3n entre padres, profesores, alumnos y ayuntamiento.ESPA\u00d1OL\u00c1RABEINGL\u00c9SEUSKARAFRANC\u00c9S","og_url":"https:\/\/lezoherrieskola.eus\/es\/educacion\/lezokeitan\/","og_site_name":"Lezo Herri Eskola","article_modified_time":"2025-06-17T10:42:19+00:00","twitter_card":"summary_large_image","twitter_misc":{"Tiempo de lectura":"2 minutos"},"schema":{"@context":"https:\/\/schema.org","@graph":[{"@type":"WebPage","@id":"https:\/\/lezoherrieskola.eus\/es\/educacion\/lezokeitan\/","url":"https:\/\/lezoherrieskola.eus\/es\/educacion\/lezokeitan\/","name":"Lezokeitan - Lezo Herri Eskola","isPartOf":{"@id":"https:\/\/lezoherrieskola.eus\/es\/#website"},"datePublished":"2025-06-17T10:42:01+00:00","dateModified":"2025-06-17T10:42:19+00:00","breadcrumb":{"@id":"https:\/\/lezoherrieskola.eus\/es\/educacion\/lezokeitan\/#breadcrumb"},"inLanguage":"es","potentialAction":[{"@type":"ReadAction","target":["https:\/\/lezoherrieskola.eus\/es\/educacion\/lezokeitan\/"]}]},{"@type":"BreadcrumbList","@id":"https:\/\/lezoherrieskola.eus\/es\/educacion\/lezokeitan\/#breadcrumb","itemListElement":[{"@type":"ListItem","position":1,"name":"Home","item":"https:\/\/lezoherrieskola.eus\/es\/"},{"@type":"ListItem","position":2,"name":"Educaci\u00f3n","item":"https:\/\/lezoherrieskola.eus\/es\/educacion\/"},{"@type":"ListItem","position":3,"name":"Lezokeitan"}]},{"@type":"WebSite","@id":"https:\/\/lezoherrieskola.eus\/es\/#website","url":"https:\/\/lezoherrieskola.eus\/es\/","name":"Lezo Herri Eskola","description":"Ikastetxe publikoa","potentialAction":[{"@type":"SearchAction","target":{"@type":"EntryPoint","urlTemplate":"https:\/\/lezoherrieskola.eus\/es\/?s={search_term_string}"},"query-input":{"@type":"PropertyValueSpecification","valueRequired":true,"valueName":"search_term_string"}}],"inLanguage":"es"}]}},"_links":{"self":[{"href":"https:\/\/lezoherrieskola.eus\/es\/wp-json\/wp\/v2\/pages\/1067","targetHints":{"allow":["GET"]}}],"collection":[{"href":"https:\/\/lezoherrieskola.eus\/es\/wp-json\/wp\/v2\/pages"}],"about":[{"href":"https:\/\/lezoherrieskola.eus\/es\/wp-json\/wp\/v2\/types\/page"}],"author":[{"embeddable":true,"href":"https:\/\/lezoherrieskola.eus\/es\/wp-json\/wp\/v2\/users\/2"}],"replies":[{"embeddable":true,"href":"https:\/\/lezoherrieskola.eus\/es\/wp-json\/wp\/v2\/comments?post=1067"}],"version-history":[{"count":3,"href":"https:\/\/lezoherrieskola.eus\/es\/wp-json\/wp\/v2\/pages\/1067\/revisions"}],"predecessor-version":[{"id":1071,"href":"https:\/\/lezoherrieskola.eus\/es\/wp-json\/wp\/v2\/pages\/1067\/revisions\/1071"}],"up":[{"embeddable":true,"href":"https:\/\/lezoherrieskola.eus\/es\/wp-json\/wp\/v2\/pages\/1041"}],"wp:attachment":[{"href":"https:\/\/lezoherrieskola.eus\/es\/wp-json\/wp\/v2\/media?parent=1067"}],"curies":[{"name":"wp","href":"https:\/\/api.w.org\/{rel}","templated":true}]}}