{"id":1029,"date":"2025-06-17T11:41:29","date_gmt":"2025-06-17T09:41:29","guid":{"rendered":"https:\/\/lezoherrieskola.eus\/?page_id=1029"},"modified":"2025-09-04T11:02:58","modified_gmt":"2025-09-04T09:02:58","slug":"horario-calendario","status":"publish","type":"page","link":"https:\/\/lezoherrieskola.eus\/es\/nuestro-centro\/horario-calendario\/","title":{"rendered":"Horario &#038; Calendario"},"content":{"rendered":"<p>[et_pb_section fb_built=\u00bb1&#8243; _builder_version=\u00bb4.27.4&#8243; _module_preset=\u00bbdefault\u00bb global_colors_info=\u00bb{}\u00bb][et_pb_row column_structure=\u00bb1_2,1_2&#8243; make_equal=\u00bbon\u00bb _builder_version=\u00bb4.27.4&#8243; _module_preset=\u00bbdefault\u00bb global_colors_info=\u00bb{}\u00bb][et_pb_column type=\u00bb1_2&#8243; _builder_version=\u00bb4.27.4&#8243; _module_preset=\u00bbdefault\u00bb background_color=\u00bbrgba(173,220,226,0.5)\u00bb custom_padding=\u00bb20px|20px|20px|20px|true|true\u00bb global_colors_info=\u00bb{}\u00bb][et_pb_text admin_label=\u00bbHORARIO\u00bb _builder_version=\u00bb4.27.4&#8243; _module_preset=\u00bbdefault\u00bb global_colors_info=\u00bb{}\u00bb]<\/p>\n<h2 style=\"text-align: center;\">HORARIO<\/h2>\n<p>&nbsp;<\/p>\n<h3><strong>SECRETAR\u00cdA<\/strong><\/h3>\n<p><span style=\"font-weight: 400;\">Ma\u00f1anas, de 9:00 a 13:30 (viernes a 12:30)<\/span><span style=\"font-weight: 400;\"><br \/><\/span><span style=\"font-weight: 400;\">Tardes, de 15:00 a 16:20<\/span><\/p>\n<h3><b>HORARIO HABITUAL DEL ALUMNADO (ma\u00f1ana y tarde)<\/b><\/h3>\n<p><span style=\"font-weight: 400;\">Ma\u00f1anas, de 9:00 a 12:30<\/span><span style=\"font-weight: 400;\"><br \/><\/span><span style=\"font-weight: 400;\">Tardes, de 15:00 a 16:30<\/span><\/p>\n<h3><b>HORARIO ALUMNADO INTENSIVO (goizez)<\/b><\/h3>\n<p><span style=\"font-weight: 400;\">Ma\u00f1anas, de 9:00 a 13:00<\/span><\/p>\n<h3><b>TELEFONOA ETA HARREMANAK<\/b><\/h3>\n<p><span style=\"font-weight: 400;\">943 514 804<br \/><\/span>info@lezoherrieskola.eus<\/p>\n<p>[\/et_pb_text][\/et_pb_column][et_pb_column type=\u00bb1_2&#8243; _builder_version=\u00bb4.27.4&#8243; _module_preset=\u00bbdefault\u00bb background_color=\u00bbrgba(210,62,112,0.5)\u00bb custom_padding=\u00bb20px|20px|20px|20px|true|true\u00bb global_colors_info=\u00bb{}\u00bb][et_pb_text admin_label=\u00bbCALENDARIO\u00bb _builder_version=\u00bb4.27.4&#8243; _module_preset=\u00bbdefault\u00bb global_colors_info=\u00bb{}\u00bb]<\/p>\n<h2 style=\"text-align: center;\">CALENDARIO<\/h2>\n<p>[\/et_pb_text][et_pb_image src=\u00bbhttps:\/\/lezoherrieskola.eus\/wp-content\/uploads\/2025\/09\/EGUTEGIA-2025-26-scaled.jpg\u00bb alt=\u00bbEGUTEGIA-2025-26&#8243; title_text=\u00bbEGUTEGIA-2025-26&#8243; show_in_lightbox=\u00bbon\u00bb _builder_version=\u00bb4.27.4&#8243; _module_preset=\u00bbdefault\u00bb hover_enabled=\u00bb0&#8243; global_colors_info=\u00bb{}\u00bb sticky_enabled=\u00bb0&#8243;][\/et_pb_image][\/et_pb_column][\/et_pb_row][\/et_pb_section]<\/p>\n","protected":false},"excerpt":{"rendered":"<p>HORARIO &nbsp; SECRETAR\u00cdA Ma\u00f1anas, de 9:00 a 13:30 (viernes a 12:30)Tardes, de 15:00 a 16:20 HORARIO HABITUAL DEL ALUMNADO (ma\u00f1ana y tarde) Ma\u00f1anas, de 9:00 a 12:30Tardes, de 15:00 a 16:30 HORARIO ALUMNADO INTENSIVO (goizez) Ma\u00f1anas, de 9:00 a 13:00 TELEFONOA ETA HARREMANAK 943 514 804info@lezoherrieskola.eusCALENDARIO<\/p>\n","protected":false},"author":2,"featured_media":0,"parent":1023,"menu_order":0,"comment_status":"closed","ping_status":"closed","template":"","meta":{"_et_pb_use_builder":"on","_et_pb_old_content":"[et_pb_section fb_built=\"1\" _builder_version=\"4.27.4\" _module_preset=\"default\" global_colors_info=\"{}\"][et_pb_row column_structure=\"1_2,1_2\" make_equal=\"on\" _builder_version=\"4.27.4\" _module_preset=\"default\" global_colors_info=\"{}\"][et_pb_column type=\"1_2\" _builder_version=\"4.27.4\" _module_preset=\"default\" background_color=\"rgba(173,220,226,0.5)\" custom_padding=\"20px|20px|20px|20px|true|true\" global_colors_info=\"{}\"][et_pb_text admin_label=\"ORDUTEGIA\" _builder_version=\"4.27.4\" _module_preset=\"default\" hover_enabled=\"0\" global_colors_info=\"{}\" sticky_enabled=\"0\"]<h2 style=\"text-align: center;\">ORDUTEGIA<\/h2>\r\n<p>\u00a0<\/p>\r\n<h3><strong>IDAZKARITZA<\/strong><\/h3>\r\n<p><span style=\"font-weight: 400;\">Goizez, 9:00etatik 13:30etara (ostiraletan 12:30etara)<\/span><span style=\"font-weight: 400;\"><br \/><\/span><span style=\"font-weight: 400;\">Arratsaldez, 15:00etatik 16:20etara<\/span><\/p>\r\n<h3><b>IKASLEEN ORDUTEGI OHIKOA (goiz eta arratsaldez)<\/b><\/h3>\r\n<p><span style=\"font-weight: 400;\">Goizez, 9:00etatik 12:30etara<\/span><span style=\"font-weight: 400;\"><br \/><\/span><span style=\"font-weight: 400;\">Arratsaldez, 15:00tatik 16:30etara<\/span><\/p>\r\n<h3><b>IKASLEEN ORDUTEGI TRINKOA (goizez)<\/b><\/h3>\r\n<p><span style=\"font-weight: 400;\">Goizez, 9:00etatik 13:00etara<\/span><\/p>\r\n<h3><b>TELEFONOA ETA HARREMANAK<\/b><\/h3>\r\n<p><span style=\"font-weight: 400;\">943 514 804<br \/><\/span>info@lezoherrieskola.eus<\/p>[\/et_pb_text][\/et_pb_column][et_pb_column type=\"1_2\" _builder_version=\"4.27.4\" _module_preset=\"default\" background_color=\"rgba(210,62,112,0.5)\" custom_padding=\"20px|20px|20px|20px|true|true\" global_colors_info=\"{}\"][et_pb_text admin_label=\"EGUTEGIA\" _builder_version=\"4.27.4\" _module_preset=\"default\" global_colors_info=\"{}\"]<h2 style=\"text-align: center;\">EGUTEGIA<\/h2>[\/et_pb_text][et_pb_image src=\"https:\/\/lezoherrieskola.eus\/wp-content\/uploads\/2025\/05\/2024-25_egutegia.png\" alt=\"2024-25_egutegia\" title_text=\"2024-25_egutegia\" show_in_lightbox=\"on\" _builder_version=\"4.27.4\" _module_preset=\"default\" global_colors_info=\"{}\"][\/et_pb_image][\/et_pb_column][\/et_pb_row][\/et_pb_section]","_et_gb_content_width":"","footnotes":""},"class_list":["post-1029","page","type-page","status-publish","hentry"],"yoast_head":"<!-- This site is optimized with the Yoast SEO plugin v27.4 - https:\/\/yoast.com\/product\/yoast-seo-wordpress\/ -->\n<title>Horario &amp; Calendario - Lezo Herri Eskola<\/title>\n<meta name=\"robots\" content=\"index, follow, max-snippet:-1, max-image-preview:large, max-video-preview:-1\" \/>\n<link rel=\"canonical\" href=\"https:\/\/lezoherrieskola.eus\/es\/nuestro-centro\/horario-calendario\/\" \/>\n<meta property=\"og:locale\" content=\"es_ES\" \/>\n<meta property=\"og:type\" content=\"article\" \/>\n<meta property=\"og:title\" content=\"Horario &amp; Calendario - Lezo Herri Eskola\" \/>\n<meta property=\"og:description\" content=\"HORARIO &nbsp; SECRETAR\u00cdA Ma\u00f1anas, de 9:00 a 13:30 (viernes a 12:30)Tardes, de 15:00 a 16:20 HORARIO HABITUAL DEL ALUMNADO (ma\u00f1ana y tarde) Ma\u00f1anas, de 9:00 a 12:30Tardes, de 15:00 a 16:30 HORARIO ALUMNADO INTENSIVO (goizez) Ma\u00f1anas, de 9:00 a 13:00 TELEFONOA ETA HARREMANAK 943 514 804info@lezoherrieskola.eusCALENDARIO\" \/>\n<meta property=\"og:url\" content=\"https:\/\/lezoherrieskola.eus\/es\/nuestro-centro\/horario-calendario\/\" \/>\n<meta property=\"og:site_name\" content=\"Lezo Herri Eskola\" \/>\n<meta property=\"article:modified_time\" content=\"2025-09-04T09:02:58+00:00\" \/>\n<meta name=\"twitter:card\" content=\"summary_large_image\" \/>\n<meta name=\"twitter:label1\" content=\"Tiempo de lectura\" \/>\n\t<meta name=\"twitter:data1\" content=\"1 minuto\" \/>\n<script type=\"application\/ld+json\" class=\"yoast-schema-graph\">{\"@context\":\"https:\\\/\\\/schema.org\",\"@graph\":[{\"@type\":\"WebPage\",\"@id\":\"https:\\\/\\\/lezoherrieskola.eus\\\/es\\\/nuestro-centro\\\/horario-calendario\\\/\",\"url\":\"https:\\\/\\\/lezoherrieskola.eus\\\/es\\\/nuestro-centro\\\/horario-calendario\\\/\",\"name\":\"Horario & Calendario - Lezo Herri Eskola\",\"isPartOf\":{\"@id\":\"https:\\\/\\\/lezoherrieskola.eus\\\/es\\\/#website\"},\"datePublished\":\"2025-06-17T09:41:29+00:00\",\"dateModified\":\"2025-09-04T09:02:58+00:00\",\"breadcrumb\":{\"@id\":\"https:\\\/\\\/lezoherrieskola.eus\\\/es\\\/nuestro-centro\\\/horario-calendario\\\/#breadcrumb\"},\"inLanguage\":\"es\",\"potentialAction\":[{\"@type\":\"ReadAction\",\"target\":[\"https:\\\/\\\/lezoherrieskola.eus\\\/es\\\/nuestro-centro\\\/horario-calendario\\\/\"]}]},{\"@type\":\"BreadcrumbList\",\"@id\":\"https:\\\/\\\/lezoherrieskola.eus\\\/es\\\/nuestro-centro\\\/horario-calendario\\\/#breadcrumb\",\"itemListElement\":[{\"@type\":\"ListItem\",\"position\":1,\"name\":\"Home\",\"item\":\"https:\\\/\\\/lezoherrieskola.eus\\\/es\\\/\"},{\"@type\":\"ListItem\",\"position\":2,\"name\":\"Nuestro centro\",\"item\":\"https:\\\/\\\/lezoherrieskola.eus\\\/es\\\/nuestro-centro\\\/\"},{\"@type\":\"ListItem\",\"position\":3,\"name\":\"Horario &#038; Calendario\"}]},{\"@type\":\"WebSite\",\"@id\":\"https:\\\/\\\/lezoherrieskola.eus\\\/es\\\/#website\",\"url\":\"https:\\\/\\\/lezoherrieskola.eus\\\/es\\\/\",\"name\":\"Lezo Herri Eskola\",\"description\":\"Ikastetxe publikoa\",\"potentialAction\":[{\"@type\":\"SearchAction\",\"target\":{\"@type\":\"EntryPoint\",\"urlTemplate\":\"https:\\\/\\\/lezoherrieskola.eus\\\/es\\\/?s={search_term_string}\"},\"query-input\":{\"@type\":\"PropertyValueSpecification\",\"valueRequired\":true,\"valueName\":\"search_term_string\"}}],\"inLanguage\":\"es\"}]}<\/script>\n<!-- \/ Yoast SEO plugin. -->","yoast_head_json":{"title":"Horario & Calendario - Lezo Herri Eskola","robots":{"index":"index","follow":"follow","max-snippet":"max-snippet:-1","max-image-preview":"max-image-preview:large","max-video-preview":"max-video-preview:-1"},"canonical":"https:\/\/lezoherrieskola.eus\/es\/nuestro-centro\/horario-calendario\/","og_locale":"es_ES","og_type":"article","og_title":"Horario & Calendario - Lezo Herri Eskola","og_description":"HORARIO &nbsp; SECRETAR\u00cdA Ma\u00f1anas, de 9:00 a 13:30 (viernes a 12:30)Tardes, de 15:00 a 16:20 HORARIO HABITUAL DEL ALUMNADO (ma\u00f1ana y tarde) Ma\u00f1anas, de 9:00 a 12:30Tardes, de 15:00 a 16:30 HORARIO ALUMNADO INTENSIVO (goizez) Ma\u00f1anas, de 9:00 a 13:00 TELEFONOA ETA HARREMANAK 943 514 804info@lezoherrieskola.eusCALENDARIO","og_url":"https:\/\/lezoherrieskola.eus\/es\/nuestro-centro\/horario-calendario\/","og_site_name":"Lezo Herri Eskola","article_modified_time":"2025-09-04T09:02:58+00:00","twitter_card":"summary_large_image","twitter_misc":{"Tiempo de lectura":"1 minuto"},"schema":{"@context":"https:\/\/schema.org","@graph":[{"@type":"WebPage","@id":"https:\/\/lezoherrieskola.eus\/es\/nuestro-centro\/horario-calendario\/","url":"https:\/\/lezoherrieskola.eus\/es\/nuestro-centro\/horario-calendario\/","name":"Horario & Calendario - Lezo Herri Eskola","isPartOf":{"@id":"https:\/\/lezoherrieskola.eus\/es\/#website"},"datePublished":"2025-06-17T09:41:29+00:00","dateModified":"2025-09-04T09:02:58+00:00","breadcrumb":{"@id":"https:\/\/lezoherrieskola.eus\/es\/nuestro-centro\/horario-calendario\/#breadcrumb"},"inLanguage":"es","potentialAction":[{"@type":"ReadAction","target":["https:\/\/lezoherrieskola.eus\/es\/nuestro-centro\/horario-calendario\/"]}]},{"@type":"BreadcrumbList","@id":"https:\/\/lezoherrieskola.eus\/es\/nuestro-centro\/horario-calendario\/#breadcrumb","itemListElement":[{"@type":"ListItem","position":1,"name":"Home","item":"https:\/\/lezoherrieskola.eus\/es\/"},{"@type":"ListItem","position":2,"name":"Nuestro centro","item":"https:\/\/lezoherrieskola.eus\/es\/nuestro-centro\/"},{"@type":"ListItem","position":3,"name":"Horario &#038; Calendario"}]},{"@type":"WebSite","@id":"https:\/\/lezoherrieskola.eus\/es\/#website","url":"https:\/\/lezoherrieskola.eus\/es\/","name":"Lezo Herri Eskola","description":"Ikastetxe publikoa","potentialAction":[{"@type":"SearchAction","target":{"@type":"EntryPoint","urlTemplate":"https:\/\/lezoherrieskola.eus\/es\/?s={search_term_string}"},"query-input":{"@type":"PropertyValueSpecification","valueRequired":true,"valueName":"search_term_string"}}],"inLanguage":"es"}]}},"_links":{"self":[{"href":"https:\/\/lezoherrieskola.eus\/es\/wp-json\/wp\/v2\/pages\/1029","targetHints":{"allow":["GET"]}}],"collection":[{"href":"https:\/\/lezoherrieskola.eus\/es\/wp-json\/wp\/v2\/pages"}],"about":[{"href":"https:\/\/lezoherrieskola.eus\/es\/wp-json\/wp\/v2\/types\/page"}],"author":[{"embeddable":true,"href":"https:\/\/lezoherrieskola.eus\/es\/wp-json\/wp\/v2\/users\/2"}],"replies":[{"embeddable":true,"href":"https:\/\/lezoherrieskola.eus\/es\/wp-json\/wp\/v2\/comments?post=1029"}],"version-history":[{"count":4,"href":"https:\/\/lezoherrieskola.eus\/es\/wp-json\/wp\/v2\/pages\/1029\/revisions"}],"predecessor-version":[{"id":1359,"href":"https:\/\/lezoherrieskola.eus\/es\/wp-json\/wp\/v2\/pages\/1029\/revisions\/1359"}],"up":[{"embeddable":true,"href":"https:\/\/lezoherrieskola.eus\/es\/wp-json\/wp\/v2\/pages\/1023"}],"wp:attachment":[{"href":"https:\/\/lezoherrieskola.eus\/es\/wp-json\/wp\/v2\/media?parent=1029"}],"curies":[{"name":"wp","href":"https:\/\/api.w.org\/{rel}","templated":true}]}}